{"id":1670,"date":"2025-07-07T09:40:26","date_gmt":"2025-07-07T09:40:26","guid":{"rendered":"https:\/\/bilore.es\/politique-en-matiere-de-cookies\/"},"modified":"2025-10-06T07:53:33","modified_gmt":"2025-10-06T07:53:33","slug":"politique-en-matiere-de-cookies","status":"publish","type":"page","link":"https:\/\/bilore.es\/fr\/politique-en-matiere-de-cookies\/","title":{"rendered":"Politique en mati\u00e8re de cookies"},"content":{"rendered":"\t\t<div data-elementor-type=\"wp-page\" data-elementor-id=\"1670\" class=\"elementor elementor-1670 elementor-550\" data-elementor-post-type=\"page\">\n\t\t\t\t<div class=\"elementor-element elementor-element-ff9857e e-flex e-con-boxed e-con e-parent\" data-id=\"ff9857e\" data-element_type=\"container\" data-e-type=\"container\">\n\t\t\t\t\t<div class=\"e-con-inner\">\n\t\t\t\t<div class=\"elementor-element elementor-element-1e00eb5 elementor-widget elementor-widget-spacer\" data-id=\"1e00eb5\" data-element_type=\"widget\" data-e-type=\"widget\" data-widget_type=\"spacer.default\">\n\t\t\t\t\t\t\t<div class=\"elementor-spacer\">\n\t\t\t<div class=\"elementor-spacer-inner\"><\/div>\n\t\t<\/div>\n\t\t\t\t\t\t<\/div>\n\t\t\t\t<div class=\"elementor-element elementor-element-73231f2 elementor-widget elementor-widget-heading\" data-id=\"73231f2\" data-element_type=\"widget\" data-e-type=\"widget\" data-widget_type=\"heading.default\">\n\t\t\t\t\t<h1 class=\"elementor-heading-title elementor-size-default\">Politique en mati\u00e8re de cookies\n<\/h1>\t\t\t\t<\/div>\n\t\t\t\t<div class=\"elementor-element elementor-element-9cf741e elementor-widget elementor-widget-text-editor\" data-id=\"9cf741e\" data-element_type=\"widget\" data-e-type=\"widget\" data-widget_type=\"text-editor.default\">\n\t\t\t\t\t\t\t\t\t<div class=\"grve-container\"><div class=\"grve-row grve-bookmark grve-columns-gap-30\"><div class=\"grve-column wpb_column grve-column-1\"><div class=\"grve-column-wrapper\"><div class=\"grve-element grve-text\"><p>Les cookies sont des fichiers qui s&rsquo;installent sur votre ordinateur et permettent au propri\u00e9taire du site web de collecter des donn\u00e9es, qui peuvent \u00eatre stock\u00e9es. Les donn\u00e9es collect\u00e9es peuvent nous permettre de maintenir la session de l&rsquo;utilisateur, de l&rsquo;identifier, de le connecter \u00e0 d&rsquo;autres applications, de conna\u00eetre ses habitudes de navigation, etc. Si vous acceptez notre politique en mati\u00e8re de cookies, vous consentez express\u00e9ment \u00e0 ce que nous collections vos donn\u00e9es afin d&rsquo;am\u00e9liorer votre exp\u00e9rience lors de l&rsquo;utilisation du site web, de maintenir votre session et de vous envoyer des informations sur les services de l&rsquo;entreprise, par exemple.  <\/p><p>Vous pouvez configurer votre navigateur en activant ou d\u00e9sactivant la possibilit\u00e9 d&rsquo;installer des cookies, en autorisant l&rsquo;installation de certains et pas d&rsquo;autres et en visualisant les cookies que vous avez install\u00e9s.<\/p><p>Pour savoir comment acc\u00e9der \u00e0 ces fonctionnalit\u00e9s, vous devez consulter les informations fournies par le navigateur que vous utilisez. Dans notre cas, il est possible que si vous n&rsquo;autorisez pas le t\u00e9l\u00e9chargement des cookies, le site web ne fonctionne pas correctement. <\/p><p>Actuellement, les cookies suivants existent :<\/p><ul><li><strong>Cookies propres :<\/strong> ceux qui sont envoy\u00e9s \u00e0 l&rsquo;\u00e9quipement terminal de l&rsquo;utilisateur \u00e0 partir d&rsquo;un ordinateur ou d&rsquo;un domaine g\u00e9r\u00e9 par l&rsquo;\u00e9diteur lui-m\u00eame et \u00e0 partir duquel le service demand\u00e9 par l&rsquo;utilisateur est fourni.<\/li><li><strong>Cookies de tiers :<\/strong> ceux qui sont envoy\u00e9s \u00e0 l&rsquo;\u00e9quipement terminal de l&rsquo;utilisateur \u00e0 partir d&rsquo;un ordinateur ou d&rsquo;un domaine qui n&rsquo;est pas g\u00e9r\u00e9 par l&rsquo;\u00e9diteur, mais par une autre entit\u00e9 qui traite les donn\u00e9es obtenues par le biais des cookies.<\/li><\/ul><p>Dans le cas o\u00f9 les cookies sont install\u00e9s \u00e0 partir d&rsquo;un ordinateur ou d&rsquo;un domaine g\u00e9r\u00e9 par l&rsquo;\u00e9diteur lui-m\u00eame mais que les informations collect\u00e9es \u00e0 travers eux sont g\u00e9r\u00e9es par un tiers, ils ne peuvent pas \u00eatre consid\u00e9r\u00e9s comme des cookies propres.<\/p><p>Il existe \u00e9galement une deuxi\u00e8me classification en fonction de la dur\u00e9e pendant laquelle ils restent stock\u00e9s dans le navigateur du client :<\/p><ul><li><strong>Cookies de session :<\/strong> con\u00e7us pour collecter et stocker des donn\u00e9es pendant que l&rsquo;utilisateur acc\u00e8de \u00e0 un site web. Ils sont g\u00e9n\u00e9ralement utilis\u00e9s pour stocker des informations qui ne doivent \u00eatre conserv\u00e9es que pour la fourniture du service demand\u00e9 par l&rsquo;utilisateur \u00e0 une seule occasion (par exemple, une liste de produits achet\u00e9s). <\/li><li><strong>Cookies persistants :<\/strong> les donn\u00e9es restent stock\u00e9es dans le terminal et peuvent \u00eatre consult\u00e9es et trait\u00e9es pendant une p\u00e9riode d\u00e9finie par le responsable du cookie, qui peut aller de quelques minutes \u00e0 plusieurs ann\u00e9es.<\/li><\/ul><p>Enfin, il existe une autre classification en fonction de la finalit\u00e9 du traitement des donn\u00e9es obtenues :<\/p><ul><li><strong>Cookies techniques :<\/strong> ceux qui permettent \u00e0 l&rsquo;utilisateur de naviguer sur un site web, une plateforme ou une application et d&rsquo;utiliser les diff\u00e9rentes options ou services qui y existent, comme, par exemple, le contr\u00f4le du trafic et de la communication des donn\u00e9es, l&rsquo;identification de la session, l&rsquo;acc\u00e8s \u00e0 des zones d&rsquo;acc\u00e8s restreint, la m\u00e9morisation des \u00e9l\u00e9ments qui composent une commande, l&rsquo;ex\u00e9cution du processus d&rsquo;achat d&rsquo;une commande, la demande d&rsquo;inscription ou la participation \u00e0 un \u00e9v\u00e9nement, l&rsquo;utilisation d&rsquo;\u00e9l\u00e9ments de s\u00e9curit\u00e9 pendant la navigation, le stockage de contenus pour la diffusion de vid\u00e9os ou de sons ou le partage de contenus via les r\u00e9seaux sociaux.<\/li><li><strong>Cookies de personnalisation : ils<\/strong> permettent \u00e0 l&rsquo;utilisateur d&rsquo;acc\u00e9der au service avec des caract\u00e9ristiques g\u00e9n\u00e9rales pr\u00e9d\u00e9finies en fonction d&rsquo;une s\u00e9rie de crit\u00e8res pr\u00e9sents dans le terminal de l&rsquo;utilisateur, tels que la langue, le type de navigateur utilis\u00e9 pour acc\u00e9der au service, la configuration r\u00e9gionale \u00e0 partir de laquelle on acc\u00e8de au service, etc.<\/li><li><strong>Cookies d&rsquo;analyse : ils<\/strong> permettent au responsable de surveiller et d&rsquo;analyser le comportement des utilisateurs des sites web auxquels ils sont li\u00e9s. Les informations collect\u00e9es par ce type de cookies sont utilis\u00e9es pour mesurer l&rsquo;activit\u00e9 des sites web, de l&rsquo;application ou de la plateforme et pour l&rsquo;\u00e9laboration de profils de navigation des utilisateurs de ces sites, applications et plateformes, afin d&rsquo;introduire des am\u00e9liorations bas\u00e9es sur l&rsquo;analyse des donn\u00e9es d&rsquo;utilisation des utilisateurs du service. <\/li><li><strong>Cookies publicitaires : ils<\/strong> permettent de g\u00e9rer l&rsquo;espace publicitaire le plus efficacement possible.<\/li><li><strong>Cookies de publicit\u00e9 comportementale : ils<\/strong> stockent des informations sur le comportement de l&rsquo;utilisateur obtenues gr\u00e2ce \u00e0 l&rsquo;observation continue de ses habitudes de navigation, ce qui permet de d\u00e9velopper un profil sp\u00e9cifique afin d&rsquo;afficher des publicit\u00e9s bas\u00e9es sur ce profil.<\/li><li><strong>Cookies de r\u00e9seaux sociaux externes :<\/strong> ils sont utilis\u00e9s pour permettre aux visiteurs d&rsquo;interagir avec le contenu de diff\u00e9rentes plateformes sociales (facebook, youtube, twitter, linkedIn, etc.) et sont g\u00e9n\u00e9r\u00e9s uniquement pour les utilisateurs de ces r\u00e9seaux sociaux. Les conditions d&rsquo;utilisation de ces cookies et les informations collect\u00e9es sont r\u00e9gies par la politique de confidentialit\u00e9 de la plateforme sociale correspondante. <\/li><\/ul><p>Ce site web peut utiliser tout ou partie de ces cookies. Votre navigateur vous permet de savoir quels sont ceux que vous utilisez \u00e0 tout moment. <\/p><p>Ces cookies sont utilis\u00e9s par le propri\u00e9taire du site web ou par la soci\u00e9t\u00e9 \u00e0 laquelle il confie le traitement des donn\u00e9es collect\u00e9es par leur interm\u00e9diaire, sous le contr\u00f4le du responsable du traitement.<\/p><p>Le contr\u00f4leur ou le responsable, selon le cas, n&rsquo;utilisera les informations obtenues par le biais des cookies que conform\u00e9ment \u00e0 l&rsquo;objectif de chaque cookie, pour une dur\u00e9e maximale de deux ans. Les informations collect\u00e9es par le site web sont l&rsquo;identit\u00e9 de l&rsquo;utilisateur et son compte de courrier \u00e9lectronique. <\/p><p>L&rsquo;entreprise peut modifier sa politique en mati\u00e8re de cookies \u00e0 tout moment sans en informer pr\u00e9alablement les utilisateurs. Dans ce cas, l&rsquo;entreprise publiera la modification de sa politique en mati\u00e8re de cookies sur ce site web. Si vous utilisez le site web, vous acceptez la politique en mati\u00e8re de cookies.  <\/p><\/div><\/div><\/div><\/div><\/div>\t\t\t\t\t\t\t\t<\/div>\n\t\t\t\t<div class=\"elementor-element elementor-element-2f3ad38 elementor-widget elementor-widget-spacer\" data-id=\"2f3ad38\" data-element_type=\"widget\" data-e-type=\"widget\" data-widget_type=\"spacer.default\">\n\t\t\t\t\t\t\t<div class=\"elementor-spacer\">\n\t\t\t<div class=\"elementor-spacer-inner\"><\/div>\n\t\t<\/div>\n\t\t\t\t\t\t<\/div>\n\t\t\t\t\t<\/div>\n\t\t\t\t<\/div>\n\t\t\t\t<\/div>\n\t\t","protected":false},"excerpt":{"rendered":"<p>Politique en mati\u00e8re de cookies Les cookies sont des fichiers qui s&rsquo;installent sur votre ordinateur et permettent au propri\u00e9taire du site web de collecter des donn\u00e9es, qui peuvent \u00eatre stock\u00e9es. Les donn\u00e9es collect\u00e9es peuvent nous permettre de maintenir la session de l&rsquo;utilisateur, de l&rsquo;identifier, de le connecter \u00e0 d&rsquo;autres applications, de conna\u00eetre ses habitudes de [&hellip;]<\/p>\n","protected":false},"author":2,"featured_media":0,"parent":0,"menu_order":0,"comment_status":"closed","ping_status":"closed","template":"","meta":{"_acf_changed":false,"footnotes":""},"folder":[],"class_list":["post-1670","page","type-page","status-publish","hentry"],"acf":[],"yoast_head":"<!-- This site is optimized with the Yoast SEO plugin v27.4 - https:\/\/yoast.com\/product\/yoast-seo-wordpress\/ -->\n<title>Politique en mati\u00e8re de cookies - Bilore<\/title>\n<meta name=\"robots\" content=\"noindex, nofollow\" \/>\n<meta property=\"og:locale\" content=\"fr_FR\" \/>\n<meta property=\"og:type\" content=\"article\" \/>\n<meta property=\"og:title\" content=\"Politique en mati\u00e8re de cookies - Bilore\" \/>\n<meta property=\"og:description\" content=\"Politique en mati\u00e8re de cookies Les cookies sont des fichiers qui s&rsquo;installent sur votre ordinateur et permettent au propri\u00e9taire du site web de collecter des donn\u00e9es, qui peuvent \u00eatre stock\u00e9es. Les donn\u00e9es collect\u00e9es peuvent nous permettre de maintenir la session de l&rsquo;utilisateur, de l&rsquo;identifier, de le connecter \u00e0 d&rsquo;autres applications, de conna\u00eetre ses habitudes de [&hellip;]\" \/>\n<meta property=\"og:url\" content=\"https:\/\/bilore.es\/fr\/politique-en-matiere-de-cookies\/\" \/>\n<meta property=\"og:site_name\" content=\"Bilore\" \/>\n<meta property=\"article:modified_time\" content=\"2025-10-06T07:53:33+00:00\" \/>\n<meta name=\"twitter:card\" content=\"summary_large_image\" \/>\n<meta name=\"twitter:label1\" content=\"Dur\u00e9e de lecture estim\u00e9e\" \/>\n\t<meta name=\"twitter:data1\" content=\"5 minutes\" \/>\n<script type=\"application\/ld+json\" class=\"yoast-schema-graph\">{\"@context\":\"https:\\\/\\\/schema.org\",\"@graph\":[{\"@type\":\"WebPage\",\"@id\":\"https:\\\/\\\/bilore.es\\\/fr\\\/politique-en-matiere-de-cookies\\\/\",\"url\":\"https:\\\/\\\/bilore.es\\\/fr\\\/politique-en-matiere-de-cookies\\\/\",\"name\":\"Politique en mati\u00e8re de cookies - Bilore\",\"isPartOf\":{\"@id\":\"https:\\\/\\\/bilore.es\\\/fr\\\/#website\"},\"datePublished\":\"2025-07-07T09:40:26+00:00\",\"dateModified\":\"2025-10-06T07:53:33+00:00\",\"breadcrumb\":{\"@id\":\"https:\\\/\\\/bilore.es\\\/fr\\\/politique-en-matiere-de-cookies\\\/#breadcrumb\"},\"inLanguage\":\"fr-FR\",\"potentialAction\":[{\"@type\":\"ReadAction\",\"target\":[\"https:\\\/\\\/bilore.es\\\/fr\\\/politique-en-matiere-de-cookies\\\/\"]}]},{\"@type\":\"BreadcrumbList\",\"@id\":\"https:\\\/\\\/bilore.es\\\/fr\\\/politique-en-matiere-de-cookies\\\/#breadcrumb\",\"itemListElement\":[{\"@type\":\"ListItem\",\"position\":1,\"name\":\"Portada\",\"item\":\"https:\\\/\\\/bilore.es\\\/fr\\\/\"},{\"@type\":\"ListItem\",\"position\":2,\"name\":\"Politique en mati\u00e8re de cookies\"}]},{\"@type\":\"WebSite\",\"@id\":\"https:\\\/\\\/bilore.es\\\/fr\\\/#website\",\"url\":\"https:\\\/\\\/bilore.es\\\/fr\\\/\",\"name\":\"Bilore\",\"description\":\"F\u00e1brica de productos de limpieza\",\"potentialAction\":[{\"@type\":\"SearchAction\",\"target\":{\"@type\":\"EntryPoint\",\"urlTemplate\":\"https:\\\/\\\/bilore.es\\\/fr\\\/?s={search_term_string}\"},\"query-input\":{\"@type\":\"PropertyValueSpecification\",\"valueRequired\":true,\"valueName\":\"search_term_string\"}}],\"inLanguage\":\"fr-FR\"}]}<\/script>\n<!-- \/ Yoast SEO plugin. -->","yoast_head_json":{"title":"Politique en mati\u00e8re de cookies - Bilore","robots":{"index":"noindex","follow":"nofollow"},"og_locale":"fr_FR","og_type":"article","og_title":"Politique en mati\u00e8re de cookies - Bilore","og_description":"Politique en mati\u00e8re de cookies Les cookies sont des fichiers qui s&rsquo;installent sur votre ordinateur et permettent au propri\u00e9taire du site web de collecter des donn\u00e9es, qui peuvent \u00eatre stock\u00e9es. Les donn\u00e9es collect\u00e9es peuvent nous permettre de maintenir la session de l&rsquo;utilisateur, de l&rsquo;identifier, de le connecter \u00e0 d&rsquo;autres applications, de conna\u00eetre ses habitudes de [&hellip;]","og_url":"https:\/\/bilore.es\/fr\/politique-en-matiere-de-cookies\/","og_site_name":"Bilore","article_modified_time":"2025-10-06T07:53:33+00:00","twitter_card":"summary_large_image","twitter_misc":{"Dur\u00e9e de lecture estim\u00e9e":"5 minutes"},"schema":{"@context":"https:\/\/schema.org","@graph":[{"@type":"WebPage","@id":"https:\/\/bilore.es\/fr\/politique-en-matiere-de-cookies\/","url":"https:\/\/bilore.es\/fr\/politique-en-matiere-de-cookies\/","name":"Politique en mati\u00e8re de cookies - Bilore","isPartOf":{"@id":"https:\/\/bilore.es\/fr\/#website"},"datePublished":"2025-07-07T09:40:26+00:00","dateModified":"2025-10-06T07:53:33+00:00","breadcrumb":{"@id":"https:\/\/bilore.es\/fr\/politique-en-matiere-de-cookies\/#breadcrumb"},"inLanguage":"fr-FR","potentialAction":[{"@type":"ReadAction","target":["https:\/\/bilore.es\/fr\/politique-en-matiere-de-cookies\/"]}]},{"@type":"BreadcrumbList","@id":"https:\/\/bilore.es\/fr\/politique-en-matiere-de-cookies\/#breadcrumb","itemListElement":[{"@type":"ListItem","position":1,"name":"Portada","item":"https:\/\/bilore.es\/fr\/"},{"@type":"ListItem","position":2,"name":"Politique en mati\u00e8re de cookies"}]},{"@type":"WebSite","@id":"https:\/\/bilore.es\/fr\/#website","url":"https:\/\/bilore.es\/fr\/","name":"Bilore","description":"F\u00e1brica de productos de limpieza","potentialAction":[{"@type":"SearchAction","target":{"@type":"EntryPoint","urlTemplate":"https:\/\/bilore.es\/fr\/?s={search_term_string}"},"query-input":{"@type":"PropertyValueSpecification","valueRequired":true,"valueName":"search_term_string"}}],"inLanguage":"fr-FR"}]}},"_links":{"self":[{"href":"https:\/\/bilore.es\/fr\/wp-json\/wp\/v2\/pages\/1670","targetHints":{"allow":["GET"]}}],"collection":[{"href":"https:\/\/bilore.es\/fr\/wp-json\/wp\/v2\/pages"}],"about":[{"href":"https:\/\/bilore.es\/fr\/wp-json\/wp\/v2\/types\/page"}],"author":[{"embeddable":true,"href":"https:\/\/bilore.es\/fr\/wp-json\/wp\/v2\/users\/2"}],"replies":[{"embeddable":true,"href":"https:\/\/bilore.es\/fr\/wp-json\/wp\/v2\/comments?post=1670"}],"version-history":[{"count":2,"href":"https:\/\/bilore.es\/fr\/wp-json\/wp\/v2\/pages\/1670\/revisions"}],"predecessor-version":[{"id":1715,"href":"https:\/\/bilore.es\/fr\/wp-json\/wp\/v2\/pages\/1670\/revisions\/1715"}],"wp:attachment":[{"href":"https:\/\/bilore.es\/fr\/wp-json\/wp\/v2\/media?parent=1670"}],"wp:term":[{"taxonomy":"folder","embeddable":true,"href":"https:\/\/bilore.es\/fr\/wp-json\/wp\/v2\/folder?post=1670"}],"curies":[{"name":"wp","href":"https:\/\/api.w.org\/{rel}","templated":true}]}}