{"id":1747,"date":"2025-07-07T09:40:16","date_gmt":"2025-07-07T09:40:16","guid":{"rendered":"https:\/\/bilore.es\/avis-juridique\/"},"modified":"2025-10-06T07:53:25","modified_gmt":"2025-10-06T07:53:25","slug":"avis-juridique","status":"publish","type":"page","link":"https:\/\/bilore.es\/fr\/avis-juridique\/","title":{"rendered":"Avis juridique"},"content":{"rendered":"\t\t<div data-elementor-type=\"wp-page\" data-elementor-id=\"1747\" class=\"elementor elementor-1747 elementor-548\" data-elementor-post-type=\"page\">\n\t\t\t\t<div class=\"elementor-element elementor-element-7693582 e-flex e-con-boxed e-con e-parent\" data-id=\"7693582\" data-element_type=\"container\" data-e-type=\"container\">\n\t\t\t\t\t<div class=\"e-con-inner\">\n\t\t\t\t<div class=\"elementor-element elementor-element-77495b0 elementor-widget elementor-widget-spacer\" data-id=\"77495b0\" data-element_type=\"widget\" data-e-type=\"widget\" data-widget_type=\"spacer.default\">\n\t\t\t\t\t\t\t<div class=\"elementor-spacer\">\n\t\t\t<div class=\"elementor-spacer-inner\"><\/div>\n\t\t<\/div>\n\t\t\t\t\t\t<\/div>\n\t\t\t\t<div class=\"elementor-element elementor-element-9826bbd elementor-widget elementor-widget-heading\" data-id=\"9826bbd\" data-element_type=\"widget\" data-e-type=\"widget\" data-widget_type=\"heading.default\">\n\t\t\t\t\t<h1 class=\"elementor-heading-title elementor-size-default\">Avis juridique<\/h1>\t\t\t\t<\/div>\n\t\t\t\t<div class=\"elementor-element elementor-element-e9af1a4 elementor-widget elementor-widget-text-editor\" data-id=\"e9af1a4\" data-element_type=\"widget\" data-e-type=\"widget\" data-widget_type=\"text-editor.default\">\n\t\t\t\t\t\t\t\t\t<p>Les pr\u00e9sentes conditions g\u00e9n\u00e9rales r\u00e9gissent l&rsquo;utilisation du site web bilore.es, propri\u00e9t\u00e9 de COLMAR CONNECT, S.L., dont l&rsquo;objectif est de permettre \u00e0 des tiers ext\u00e9rieurs \u00e0 l&rsquo;entreprise de conna\u00eetre ses activit\u00e9s, en offrant aux utilisateurs des informations, des services et des contenus par le biais d&rsquo;Internet.<\/p><p>Les droits d&rsquo;auteur, d&rsquo;exploitation et moraux, ainsi que tout autre droit de propri\u00e9t\u00e9 intellectuelle ou industrielle pouvant exister sur les contenus de ce site web, sa documentation pr\u00e9paratoire et technique, et les manuels d&rsquo;utilisation, quelle que soit leur nature, ainsi que sur tous les \u00e9l\u00e9ments qui le composent, sont la propri\u00e9t\u00e9 du titulaire de ce site web ou celui-ci dispose d&rsquo;une autorisation suffisante pour les publier.<\/p><p>Le propri\u00e9taire autorise l&rsquo;utilisateur \u00e0 les visualiser mais pas \u00e0 les distribuer, les modifier, les transf\u00e9rer ou les communiquer de quelque mani\u00e8re et \u00e0 quelque fin que ce soit.<\/p><p>Les liens vers d&rsquo;autres sites web sont fournis uniquement pour la commodit\u00e9 de l&rsquo;utilisateur. Le propri\u00e9taire du site n&rsquo;est pas responsable des dommages que l&rsquo;acc\u00e8s \u00e0 des sites tiers par le biais de liens pourrait vous causer. <\/p><p>Les liens vers le site web n\u00e9cessitent l&rsquo;accord \u00e9crit pr\u00e9alable du propri\u00e9taire du site web.<\/p><p>Le propri\u00e9taire du site ne peut en aucun cas \u00eatre tenu responsable des dommages caus\u00e9s \u00e0 des tiers \u00e0 la suite d&rsquo;une mauvaise utilisation du site ou de son contenu, qu&rsquo;il s&rsquo;agisse de dommages indirects ou non.<\/p><p>L&rsquo;utilisateur du site Web comprend et accepte express\u00e9ment de soumettre toute r\u00e9clamation contre le propri\u00e9taire du site Web qu&rsquo;il pourrait avoir \u00e0 faire aux tribunaux de Manresa. De m\u00eame, il consent express\u00e9ment \u00e0 ce que la l\u00e9gislation comp\u00e9tente pour r\u00e9glementer ces conflits soit la loi espagnole. <\/p><p>Il est express\u00e9ment interdit \u00e0 l&rsquo;utilisateur de diffuser des contenus ou de la propagande \u00e0 caract\u00e8re raciste, x\u00e9nophobe, pornographique, terroriste ou en faveur des droits de l&rsquo;homme, de causer des dommages aux syst\u00e8mes physiques et logiques du propri\u00e9taire du site, de ses fournisseurs ou de tiers, introduire ou diffuser des virus informatiques ou tout autre syst\u00e8me physique ou logique susceptible de causer les dommages susmentionn\u00e9s, tenter d&rsquo;acc\u00e9der au syst\u00e8me informatique du propri\u00e9taire du site web et, le cas \u00e9ch\u00e9ant, utiliser les comptes de courrier \u00e9lectronique d&rsquo;autres utilisateurs et modifier ou manipuler leurs messages.<\/p><p>Le propri\u00e9taire du site se r\u00e9serve le droit de ne pas r\u00e9pondre \u00e0 tout message qu&rsquo;il consid\u00e8re comme ill\u00e9gal et\/ou offensant et de prendre toute mesure l\u00e9gale qu&rsquo;il juge appropri\u00e9e \u00e0 l&rsquo;encontre de ceux qui utilisent le site de mani\u00e8re inappropri\u00e9e.<\/p>\t\t\t\t\t\t\t\t<\/div>\n\t\t\t\t<div class=\"elementor-element elementor-element-6652bd7 elementor-widget elementor-widget-spacer\" data-id=\"6652bd7\" data-element_type=\"widget\" data-e-type=\"widget\" data-widget_type=\"spacer.default\">\n\t\t\t\t\t\t\t<div class=\"elementor-spacer\">\n\t\t\t<div class=\"elementor-spacer-inner\"><\/div>\n\t\t<\/div>\n\t\t\t\t\t\t<\/div>\n\t\t\t\t\t<\/div>\n\t\t\t\t<\/div>\n\t\t\t\t<\/div>\n\t\t","protected":false},"excerpt":{"rendered":"<p>Avis juridique Les pr\u00e9sentes conditions g\u00e9n\u00e9rales r\u00e9gissent l&rsquo;utilisation du site web bilore.es, propri\u00e9t\u00e9 de COLMAR CONNECT, S.L., dont l&rsquo;objectif est de permettre \u00e0 des tiers ext\u00e9rieurs \u00e0 l&rsquo;entreprise de conna\u00eetre ses activit\u00e9s, en offrant aux utilisateurs des informations, des services et des contenus par le biais d&rsquo;Internet. Les droits d&rsquo;auteur, d&rsquo;exploitation et moraux, ainsi que [&hellip;]<\/p>\n","protected":false},"author":2,"featured_media":0,"parent":0,"menu_order":0,"comment_status":"closed","ping_status":"closed","template":"","meta":{"_acf_changed":false,"footnotes":""},"folder":[],"class_list":["post-1747","page","type-page","status-publish","hentry"],"acf":[],"yoast_head":"<!-- This site is optimized with the Yoast SEO plugin v27.4 - https:\/\/yoast.com\/product\/yoast-seo-wordpress\/ -->\n<title>Avis juridique - Bilore<\/title>\n<meta name=\"robots\" content=\"index, nofollow, max-snippet:-1, max-image-preview:large, max-video-preview:-1\" \/>\n<link rel=\"canonical\" href=\"https:\/\/bilore.es\/fr\/avis-juridique\/\" \/>\n<meta property=\"og:locale\" content=\"fr_FR\" \/>\n<meta property=\"og:type\" content=\"article\" \/>\n<meta property=\"og:title\" content=\"Avis juridique - Bilore\" \/>\n<meta property=\"og:description\" content=\"Avis juridique Les pr\u00e9sentes conditions g\u00e9n\u00e9rales r\u00e9gissent l&rsquo;utilisation du site web bilore.es, propri\u00e9t\u00e9 de COLMAR CONNECT, S.L., dont l&rsquo;objectif est de permettre \u00e0 des tiers ext\u00e9rieurs \u00e0 l&rsquo;entreprise de conna\u00eetre ses activit\u00e9s, en offrant aux utilisateurs des informations, des services et des contenus par le biais d&rsquo;Internet. Les droits d&rsquo;auteur, d&rsquo;exploitation et moraux, ainsi que [&hellip;]\" \/>\n<meta property=\"og:url\" content=\"https:\/\/bilore.es\/fr\/avis-juridique\/\" \/>\n<meta property=\"og:site_name\" content=\"Bilore\" \/>\n<meta property=\"article:modified_time\" content=\"2025-10-06T07:53:25+00:00\" \/>\n<meta name=\"twitter:card\" content=\"summary_large_image\" \/>\n<meta name=\"twitter:label1\" content=\"Dur\u00e9e de lecture estim\u00e9e\" \/>\n\t<meta name=\"twitter:data1\" content=\"2 minutes\" \/>\n<script type=\"application\/ld+json\" class=\"yoast-schema-graph\">{\"@context\":\"https:\\\/\\\/schema.org\",\"@graph\":[{\"@type\":\"WebPage\",\"@id\":\"https:\\\/\\\/bilore.es\\\/fr\\\/avis-juridique\\\/\",\"url\":\"https:\\\/\\\/bilore.es\\\/fr\\\/avis-juridique\\\/\",\"name\":\"Avis juridique - Bilore\",\"isPartOf\":{\"@id\":\"https:\\\/\\\/bilore.es\\\/fr\\\/#website\"},\"datePublished\":\"2025-07-07T09:40:16+00:00\",\"dateModified\":\"2025-10-06T07:53:25+00:00\",\"breadcrumb\":{\"@id\":\"https:\\\/\\\/bilore.es\\\/fr\\\/avis-juridique\\\/#breadcrumb\"},\"inLanguage\":\"fr-FR\",\"potentialAction\":[{\"@type\":\"ReadAction\",\"target\":[\"https:\\\/\\\/bilore.es\\\/fr\\\/avis-juridique\\\/\"]}]},{\"@type\":\"BreadcrumbList\",\"@id\":\"https:\\\/\\\/bilore.es\\\/fr\\\/avis-juridique\\\/#breadcrumb\",\"itemListElement\":[{\"@type\":\"ListItem\",\"position\":1,\"name\":\"Portada\",\"item\":\"https:\\\/\\\/bilore.es\\\/fr\\\/\"},{\"@type\":\"ListItem\",\"position\":2,\"name\":\"Avis juridique\"}]},{\"@type\":\"WebSite\",\"@id\":\"https:\\\/\\\/bilore.es\\\/fr\\\/#website\",\"url\":\"https:\\\/\\\/bilore.es\\\/fr\\\/\",\"name\":\"Bilore\",\"description\":\"F\u00e1brica de productos de limpieza\",\"potentialAction\":[{\"@type\":\"SearchAction\",\"target\":{\"@type\":\"EntryPoint\",\"urlTemplate\":\"https:\\\/\\\/bilore.es\\\/fr\\\/?s={search_term_string}\"},\"query-input\":{\"@type\":\"PropertyValueSpecification\",\"valueRequired\":true,\"valueName\":\"search_term_string\"}}],\"inLanguage\":\"fr-FR\"}]}<\/script>\n<!-- \/ Yoast SEO plugin. -->","yoast_head_json":{"title":"Avis juridique - Bilore","robots":{"index":"index","follow":"nofollow","max-snippet":"max-snippet:-1","max-image-preview":"max-image-preview:large","max-video-preview":"max-video-preview:-1"},"canonical":"https:\/\/bilore.es\/fr\/avis-juridique\/","og_locale":"fr_FR","og_type":"article","og_title":"Avis juridique - Bilore","og_description":"Avis juridique Les pr\u00e9sentes conditions g\u00e9n\u00e9rales r\u00e9gissent l&rsquo;utilisation du site web bilore.es, propri\u00e9t\u00e9 de COLMAR CONNECT, S.L., dont l&rsquo;objectif est de permettre \u00e0 des tiers ext\u00e9rieurs \u00e0 l&rsquo;entreprise de conna\u00eetre ses activit\u00e9s, en offrant aux utilisateurs des informations, des services et des contenus par le biais d&rsquo;Internet. Les droits d&rsquo;auteur, d&rsquo;exploitation et moraux, ainsi que [&hellip;]","og_url":"https:\/\/bilore.es\/fr\/avis-juridique\/","og_site_name":"Bilore","article_modified_time":"2025-10-06T07:53:25+00:00","twitter_card":"summary_large_image","twitter_misc":{"Dur\u00e9e de lecture estim\u00e9e":"2 minutes"},"schema":{"@context":"https:\/\/schema.org","@graph":[{"@type":"WebPage","@id":"https:\/\/bilore.es\/fr\/avis-juridique\/","url":"https:\/\/bilore.es\/fr\/avis-juridique\/","name":"Avis juridique - Bilore","isPartOf":{"@id":"https:\/\/bilore.es\/fr\/#website"},"datePublished":"2025-07-07T09:40:16+00:00","dateModified":"2025-10-06T07:53:25+00:00","breadcrumb":{"@id":"https:\/\/bilore.es\/fr\/avis-juridique\/#breadcrumb"},"inLanguage":"fr-FR","potentialAction":[{"@type":"ReadAction","target":["https:\/\/bilore.es\/fr\/avis-juridique\/"]}]},{"@type":"BreadcrumbList","@id":"https:\/\/bilore.es\/fr\/avis-juridique\/#breadcrumb","itemListElement":[{"@type":"ListItem","position":1,"name":"Portada","item":"https:\/\/bilore.es\/fr\/"},{"@type":"ListItem","position":2,"name":"Avis juridique"}]},{"@type":"WebSite","@id":"https:\/\/bilore.es\/fr\/#website","url":"https:\/\/bilore.es\/fr\/","name":"Bilore","description":"F\u00e1brica de productos de limpieza","potentialAction":[{"@type":"SearchAction","target":{"@type":"EntryPoint","urlTemplate":"https:\/\/bilore.es\/fr\/?s={search_term_string}"},"query-input":{"@type":"PropertyValueSpecification","valueRequired":true,"valueName":"search_term_string"}}],"inLanguage":"fr-FR"}]}},"_links":{"self":[{"href":"https:\/\/bilore.es\/fr\/wp-json\/wp\/v2\/pages\/1747","targetHints":{"allow":["GET"]}}],"collection":[{"href":"https:\/\/bilore.es\/fr\/wp-json\/wp\/v2\/pages"}],"about":[{"href":"https:\/\/bilore.es\/fr\/wp-json\/wp\/v2\/types\/page"}],"author":[{"embeddable":true,"href":"https:\/\/bilore.es\/fr\/wp-json\/wp\/v2\/users\/2"}],"replies":[{"embeddable":true,"href":"https:\/\/bilore.es\/fr\/wp-json\/wp\/v2\/comments?post=1747"}],"version-history":[{"count":2,"href":"https:\/\/bilore.es\/fr\/wp-json\/wp\/v2\/pages\/1747\/revisions"}],"predecessor-version":[{"id":1749,"href":"https:\/\/bilore.es\/fr\/wp-json\/wp\/v2\/pages\/1747\/revisions\/1749"}],"wp:attachment":[{"href":"https:\/\/bilore.es\/fr\/wp-json\/wp\/v2\/media?parent=1747"}],"wp:term":[{"taxonomy":"folder","embeddable":true,"href":"https:\/\/bilore.es\/fr\/wp-json\/wp\/v2\/folder?post=1747"}],"curies":[{"name":"wp","href":"https:\/\/api.w.org\/{rel}","templated":true}]}}