{"id":1792,"date":"2025-07-02T11:47:43","date_gmt":"2025-07-02T11:47:43","guid":{"rendered":"https:\/\/bilore.es\/ou-nous-sommes\/"},"modified":"2025-10-06T08:02:54","modified_gmt":"2025-10-06T08:02:54","slug":"ou-nous-sommes","status":"publish","type":"page","link":"https:\/\/bilore.es\/fr\/ou-nous-sommes\/","title":{"rendered":"O\u00f9 nous sommes"},"content":{"rendered":"\t\t<div data-elementor-type=\"wp-page\" data-elementor-id=\"1792\" class=\"elementor elementor-1792 elementor-140\" data-elementor-post-type=\"page\">\n\t\t\t\t<div class=\"elementor-element elementor-element-ff54ea4 e-con-full e-flex e-con e-parent\" data-id=\"ff54ea4\" data-element_type=\"container\" data-e-type=\"container\" data-settings=\"{&quot;background_background&quot;:&quot;classic&quot;}\">\n\t\t<div class=\"elementor-element elementor-element-1c4262d e-con-full e-flex e-con e-child\" data-id=\"1c4262d\" data-element_type=\"container\" data-e-type=\"container\">\n\t\t<div class=\"elementor-element elementor-element-2c06cd9 e-con-full e-flex elementor-invisible e-con e-child\" data-id=\"2c06cd9\" data-element_type=\"container\" data-e-type=\"container\" data-settings=\"{&quot;background_background&quot;:&quot;classic&quot;,&quot;animation&quot;:&quot;fadeInUp&quot;}\">\n\t\t\t\t<div class=\"elementor-element elementor-element-9e1a8d5 elementor-widget elementor-widget-heading\" data-id=\"9e1a8d5\" data-element_type=\"widget\" data-e-type=\"widget\" data-widget_type=\"heading.default\">\n\t\t\t\t\t<h1 class=\"elementor-heading-title elementor-size-default\">fournisseurs de produits de nettoyage<\/h1>\t\t\t\t<\/div>\n\t\t\t\t<div class=\"elementor-element elementor-element-ab3f7c3 elementor-widget elementor-widget-spacer\" data-id=\"ab3f7c3\" data-element_type=\"widget\" data-e-type=\"widget\" data-widget_type=\"spacer.default\">\n\t\t\t\t\t\t\t<div class=\"elementor-spacer\">\n\t\t\t<div class=\"elementor-spacer-inner\"><\/div>\n\t\t<\/div>\n\t\t\t\t\t\t<\/div>\n\t\t\t\t<div class=\"elementor-element elementor-element-36f0ae0 elementor-widget elementor-widget-heading\" data-id=\"36f0ae0\" data-element_type=\"widget\" data-e-type=\"widget\" data-widget_type=\"heading.default\">\n\t\t\t\t\t<h2 class=\"elementor-heading-title elementor-size-default\">O\u00f9 nous sommes<\/h2>\t\t\t\t<\/div>\n\t\t\t\t<div class=\"elementor-element elementor-element-e5a7def elementor-widget elementor-widget-spacer\" data-id=\"e5a7def\" data-element_type=\"widget\" data-e-type=\"widget\" data-widget_type=\"spacer.default\">\n\t\t\t\t\t\t\t<div class=\"elementor-spacer\">\n\t\t\t<div class=\"elementor-spacer-inner\"><\/div>\n\t\t<\/div>\n\t\t\t\t\t\t<\/div>\n\t\t\t\t<div class=\"elementor-element elementor-element-c26ebc2 elementor-widget elementor-widget-text-editor\" data-id=\"c26ebc2\" data-element_type=\"widget\" data-e-type=\"widget\" data-widget_type=\"text-editor.default\">\n\t\t\t\t\t\t\t\t\tQualit\u00e9, innovation et prix \u00e9quitable : la formule qui vous a ouvert les portes des march\u00e9s internationaux.\t\t\t\t\t\t\t\t<\/div>\n\t\t\t\t<div class=\"elementor-element elementor-element-02e3004 elementor-widget elementor-widget-spacer\" data-id=\"02e3004\" data-element_type=\"widget\" data-e-type=\"widget\" data-widget_type=\"spacer.default\">\n\t\t\t\t\t\t\t<div class=\"elementor-spacer\">\n\t\t\t<div class=\"elementor-spacer-inner\"><\/div>\n\t\t<\/div>\n\t\t\t\t\t\t<\/div>\n\t\t\t\t<div class=\"elementor-element elementor-element-18a3e3b elementor-widget elementor-widget-button\" data-id=\"18a3e3b\" data-element_type=\"widget\" data-e-type=\"widget\" data-widget_type=\"button.default\">\n\t\t\t\t\t\t\t\t\t\t<a class=\"elementor-button elementor-button-link elementor-size-sm\" href=\"https:\/\/bilore.es\/fr\/ou-nous-sommes\/#encuentranos\">\n\t\t\t\t\t\t<span class=\"elementor-button-content-wrapper\">\n\t\t\t\t\t\t<span class=\"elementor-button-icon\">\n\t\t\t\t<svg aria-hidden=\"true\" class=\"e-font-icon-svg e-fas-map-marker-alt\" viewBox=\"0 0 384 512\" xmlns=\"http:\/\/www.w3.org\/2000\/svg\"><path d=\"M172.268 501.67C26.97 291.031 0 269.413 0 192 0 85.961 85.961 0 192 0s192 85.961 192 192c0 77.413-26.97 99.031-172.268 309.67-9.535 13.774-29.93 13.773-39.464 0zM192 272c44.183 0 80-35.817 80-80s-35.817-80-80-80-80 35.817-80 80 35.817 80 80 80z\"><\/path><\/svg>\t\t\t<\/span>\n\t\t\t\t\t\t\t\t\t<span class=\"elementor-button-text\">Trouvez nos produits<\/span>\n\t\t\t\t\t<\/span>\n\t\t\t\t\t<\/a>\n\t\t\t\t\t\t\t\t<\/div>\n\t\t\t\t<\/div>\n\t\t<div class=\"elementor-element elementor-element-acf36b6 e-con-full e-flex e-con e-child\" data-id=\"acf36b6\" data-element_type=\"container\" data-e-type=\"container\">\n\t\t\t\t<\/div>\n\t\t\t\t<\/div>\n\t\t\t\t<\/div>\n\t\t<div class=\"elementor-element elementor-element-37ac0da e-flex e-con-boxed e-con e-parent\" data-id=\"37ac0da\" data-element_type=\"container\" data-e-type=\"container\" id=\"encuentranos\">\n\t\t\t\t\t<div class=\"e-con-inner\">\n\t\t\t\t<div class=\"elementor-element elementor-element-da21be6 elementor-widget elementor-widget-spacer\" data-id=\"da21be6\" data-element_type=\"widget\" data-e-type=\"widget\" data-widget_type=\"spacer.default\">\n\t\t\t\t\t\t\t<div class=\"elementor-spacer\">\n\t\t\t<div class=\"elementor-spacer-inner\"><\/div>\n\t\t<\/div>\n\t\t\t\t\t\t<\/div>\n\t\t\t\t\t<\/div>\n\t\t\t\t<\/div>\n\t\t<div class=\"elementor-element elementor-element-e1c2f08 e-flex e-con-boxed e-con e-parent\" data-id=\"e1c2f08\" data-element_type=\"container\" data-e-type=\"container\">\n\t\t\t\t\t<div class=\"e-con-inner\">\n\t\t<div class=\"elementor-element elementor-element-c4372b3 e-con-full e-flex elementor-invisible e-con e-child\" data-id=\"c4372b3\" data-element_type=\"container\" data-e-type=\"container\" data-settings=\"{&quot;animation&quot;:&quot;fadeInUp&quot;}\">\n\t\t\t\t<div class=\"elementor-element elementor-element-7fbd080 elementor-widget elementor-widget-heading\" data-id=\"7fbd080\" data-element_type=\"widget\" data-e-type=\"widget\" data-widget_type=\"heading.default\">\n\t\t\t\t\t<h2 class=\"elementor-heading-title elementor-size-default\">Nouvelle \u00e9poque, nouveaux besoins.\n<\/h2>\t\t\t\t<\/div>\n\t\t\t\t<\/div>\n\t\t<div class=\"elementor-element elementor-element-1621875 e-con-full e-flex elementor-invisible e-con e-child\" data-id=\"1621875\" data-element_type=\"container\" data-e-type=\"container\" data-settings=\"{&quot;animation&quot;:&quot;fadeInUp&quot;}\">\n\t\t\t\t<div class=\"elementor-element elementor-element-2f0ce5b elementor-widget elementor-widget-text-editor\" data-id=\"2f0ce5b\" data-element_type=\"widget\" data-e-type=\"widget\" data-widget_type=\"text-editor.default\">\n\t\t\t\t\t\t\t\t\tChez Bilore, nous sommes toujours \u00e0 l&rsquo;\u00e9coute du march\u00e9 et de nos clients, en am\u00e9liorant et en innovant constamment pour offrir des solutions qui accompagnent aussi bien les m\u00e9nages que les environnements professionnels.\t\t\t\t\t\t\t\t<\/div>\n\t\t\t\t<\/div>\n\t\t\t\t\t<\/div>\n\t\t\t\t<\/div>\n\t\t<div class=\"elementor-element elementor-element-55a99d5 e-flex e-con-boxed e-con e-parent\" data-id=\"55a99d5\" data-element_type=\"container\" data-e-type=\"container\">\n\t\t\t\t\t<div class=\"e-con-inner\">\n\t\t\t\t<div class=\"elementor-element elementor-element-c1d40bc elementor-widget elementor-widget-spacer\" data-id=\"c1d40bc\" data-element_type=\"widget\" data-e-type=\"widget\" data-widget_type=\"spacer.default\">\n\t\t\t\t\t\t\t<div class=\"elementor-spacer\">\n\t\t\t<div class=\"elementor-spacer-inner\"><\/div>\n\t\t<\/div>\n\t\t\t\t\t\t<\/div>\n\t\t\t\t\t<\/div>\n\t\t\t\t<\/div>\n\t\t<div class=\"elementor-element elementor-element-efefeba e-flex e-con-boxed e-con e-parent\" data-id=\"efefeba\" data-element_type=\"container\" data-e-type=\"container\">\n\t\t\t\t\t<div class=\"e-con-inner\">\n\t\t<div class=\"elementor-element elementor-element-f534d83 e-con-full e-flex elementor-invisible e-con e-child\" data-id=\"f534d83\" data-element_type=\"container\" data-e-type=\"container\" data-settings=\"{&quot;animation&quot;:&quot;fadeInUp&quot;}\">\n\t\t\t\t<div class=\"elementor-element elementor-element-559ac08 elementor-widget elementor-widget-image\" data-id=\"559ac08\" data-element_type=\"widget\" data-e-type=\"widget\" data-widget_type=\"image.default\">\n\t\t\t\t\t\t\t\t\t\t\t\t\t\t\t<img fetchpriority=\"high\" decoding=\"async\" width=\"1240\" height=\"641\" src=\"https:\/\/bilore.es\/wp-content\/uploads\/2025\/07\/bilore-mapa.jpg\" class=\"attachment-full size-full wp-image-1699\" alt=\"\" srcset=\"https:\/\/bilore.es\/wp-content\/uploads\/2025\/07\/bilore-mapa.jpg 1240w, https:\/\/bilore.es\/wp-content\/uploads\/2025\/07\/bilore-mapa-600x310.jpg 600w, https:\/\/bilore.es\/wp-content\/uploads\/2025\/07\/bilore-mapa-300x155.jpg 300w, https:\/\/bilore.es\/wp-content\/uploads\/2025\/07\/bilore-mapa-1024x529.jpg 1024w, https:\/\/bilore.es\/wp-content\/uploads\/2025\/07\/bilore-mapa-768x397.jpg 768w\" sizes=\"(max-width: 1240px) 100vw, 1240px\" \/>\t\t\t\t\t\t\t\t\t\t\t\t\t\t\t<\/div>\n\t\t\t\t<\/div>\n\t\t\t\t\t<\/div>\n\t\t\t\t<\/div>\n\t\t<div class=\"elementor-element elementor-element-6bb876b e-flex e-con-boxed e-con e-parent\" data-id=\"6bb876b\" data-element_type=\"container\" data-e-type=\"container\">\n\t\t\t\t\t<div class=\"e-con-inner\">\n\t\t\t\t<div class=\"elementor-element elementor-element-75b58d6 elementor-widget elementor-widget-spacer\" data-id=\"75b58d6\" data-element_type=\"widget\" data-e-type=\"widget\" data-widget_type=\"spacer.default\">\n\t\t\t\t\t\t\t<div class=\"elementor-spacer\">\n\t\t\t<div class=\"elementor-spacer-inner\"><\/div>\n\t\t<\/div>\n\t\t\t\t\t\t<\/div>\n\t\t\t\t\t<\/div>\n\t\t\t\t<\/div>\n\t\t<div class=\"elementor-element elementor-element-8f34933 e-con-full e-flex e-con e-parent\" data-id=\"8f34933\" data-element_type=\"container\" data-e-type=\"container\">\n\t\t<div class=\"elementor-element elementor-element-15e343f e-con-full e-flex elementor-invisible e-con e-child\" data-id=\"15e343f\" data-element_type=\"container\" data-e-type=\"container\" data-settings=\"{&quot;animation&quot;:&quot;fadeInUp&quot;}\">\n\t\t\t\t<div class=\"elementor-element elementor-element-1c18c6c elementor-widget elementor-widget-heading\" data-id=\"1c18c6c\" data-element_type=\"widget\" data-e-type=\"widget\" data-widget_type=\"heading.default\">\n\t\t\t\t\t<h3 class=\"elementor-heading-title elementor-size-default\">Contact<\/h3>\t\t\t\t<\/div>\n\t\t\t\t<div class=\"elementor-element elementor-element-469b8a6 elementor-widget elementor-widget-text-editor\" data-id=\"469b8a6\" data-element_type=\"widget\" data-e-type=\"widget\" data-widget_type=\"text-editor.default\">\n\t\t\t\t\t\t\t\t\t<p>Si vous \u00eates int\u00e9ress\u00e9 par la distribution de notre marque sur de nouveaux march\u00e9s, veuillez remplir ce formulaire et notre \u00e9quipe vous contactera.  <\/p>\t\t\t\t\t\t\t\t<\/div>\n\t\t\t\t<div class=\"elementor-element elementor-element-62cc207 elementor-button-align-stretch elementor-widget elementor-widget-form\" data-id=\"62cc207\" data-element_type=\"widget\" data-e-type=\"widget\" data-settings=\"{&quot;step_next_label&quot;:&quot;Suivant&quot;,&quot;step_previous_label&quot;:&quot;Pr\\u00e9c\\u00e9dent&quot;,&quot;button_width&quot;:&quot;100&quot;,&quot;step_type&quot;:&quot;number_text&quot;,&quot;step_icon_shape&quot;:&quot;circle&quot;}\" data-widget_type=\"form.default\">\n\t\t\t\t\t\t\t<form class=\"elementor-form\" method=\"post\" name=\"Formulaire Accueil\" aria-label=\"Formulaire Accueil\">\n\t\t\t<input type=\"hidden\" name=\"post_id\" value=\"1792\"\/>\n\t\t\t<input type=\"hidden\" name=\"form_id\" value=\"62cc207\"\/>\n\t\t\t<input type=\"hidden\" name=\"referer_title\" value=\"Fournisseurs de produits de nettoyage en Europe\" \/>\n\n\t\t\t\t\t\t\t<input type=\"hidden\" name=\"queried_id\" value=\"1792\"\/>\n\t\t\t\n\t\t\t<div class=\"elementor-form-fields-wrapper elementor-labels-above\">\n\t\t\t\t\t\t\t\t<div class=\"elementor-field-type-text elementor-field-group elementor-column elementor-field-group-name elementor-col-100 elementor-field-required elementor-mark-required\">\n\t\t\t\t\t\t\t\t\t\t\t\t<label for=\"form-field-name\" class=\"elementor-field-label\">\n\t\t\t\t\t\t\t\tNom\t\t\t\t\t\t\t<\/label>\n\t\t\t\t\t\t\t\t\t\t\t\t\t\t<input size=\"1\" type=\"text\" name=\"form_fields[name]\" id=\"form-field-name\" class=\"elementor-field elementor-size-sm  elementor-field-textual\" placeholder=\"Inscrivez votre nom ici\" required=\"required\">\n\t\t\t\t\t\t\t\t\t\t\t<\/div>\n\t\t\t\t\t\t\t\t<div class=\"elementor-field-type-email elementor-field-group elementor-column elementor-field-group-email elementor-col-100 elementor-field-required elementor-mark-required\">\n\t\t\t\t\t\t\t\t\t\t\t\t<label for=\"form-field-email\" class=\"elementor-field-label\">\n\t\t\t\t\t\t\t\tAdresse \u00e9lectronique\t\t\t\t\t\t\t<\/label>\n\t\t\t\t\t\t\t\t\t\t\t\t\t\t<input size=\"1\" type=\"email\" name=\"form_fields[email]\" id=\"form-field-email\" class=\"elementor-field elementor-size-sm  elementor-field-textual\" placeholder=\"Saisissez votre adresse \u00e9lectronique ici\" required=\"required\">\n\t\t\t\t\t\t\t\t\t\t\t<\/div>\n\t\t\t\t\t\t\t\t<div class=\"elementor-field-type-tel elementor-field-group elementor-column elementor-field-group-field_7ce75fb elementor-col-100 elementor-field-required elementor-mark-required\">\n\t\t\t\t\t\t\t\t\t\t\t\t<label for=\"form-field-field_7ce75fb\" class=\"elementor-field-label\">\n\t\t\t\t\t\t\t\tNum\u00e9ro de t\u00e9l\u00e9phone\t\t\t\t\t\t\t<\/label>\n\t\t\t\t\t\t\t\t<input size=\"1\" type=\"tel\" name=\"form_fields[field_7ce75fb]\" id=\"form-field-field_7ce75fb\" class=\"elementor-field elementor-size-sm  elementor-field-textual\" placeholder=\"Saisissez ici votre num\u00e9ro de t\u00e9l\u00e9phone\" required=\"required\" pattern=\"[0-9()#&amp;+*-=.]+\" title=\"Seuls les caract\u00e8res de num\u00e9ros de t\u00e9l\u00e9phone (#, -, *, etc.) sont accept\u00e9s.\">\n\n\t\t\t\t\t\t<\/div>\n\t\t\t\t\t\t\t\t<div class=\"elementor-field-type-text elementor-field-group elementor-column elementor-field-group-field_3d00348 elementor-col-100 elementor-field-required elementor-mark-required\">\n\t\t\t\t\t\t\t\t\t\t\t\t<label for=\"form-field-field_3d00348\" class=\"elementor-field-label\">\n\t\t\t\t\t\t\t\tAdresse\t\t\t\t\t\t\t<\/label>\n\t\t\t\t\t\t\t\t\t\t\t\t\t\t<input size=\"1\" type=\"text\" name=\"form_fields[field_3d00348]\" id=\"form-field-field_3d00348\" class=\"elementor-field elementor-size-sm  elementor-field-textual\" placeholder=\"Saisissez votre adresse ici\" required=\"required\">\n\t\t\t\t\t\t\t\t\t\t\t<\/div>\n\t\t\t\t\t\t\t\t<div class=\"elementor-field-type-text elementor-field-group elementor-column elementor-field-group-field_f5e45d6 elementor-col-100 elementor-field-required elementor-mark-required\">\n\t\t\t\t\t\t\t\t\t\t\t\t<label for=\"form-field-field_f5e45d6\" class=\"elementor-field-label\">\n\t\t\t\t\t\t\t\tSujet\t\t\t\t\t\t\t<\/label>\n\t\t\t\t\t\t\t\t\t\t\t\t\t\t<input size=\"1\" type=\"text\" name=\"form_fields[field_f5e45d6]\" id=\"form-field-field_f5e45d6\" class=\"elementor-field elementor-size-sm  elementor-field-textual\" placeholder=\"Veuillez indiquer l&#039;objet de votre demande\" required=\"required\">\n\t\t\t\t\t\t\t\t\t\t\t<\/div>\n\t\t\t\t\t\t\t\t<div class=\"elementor-field-type-textarea elementor-field-group elementor-column elementor-field-group-message elementor-col-100 elementor-field-required elementor-mark-required\">\n\t\t\t\t\t\t\t\t\t\t\t\t<label for=\"form-field-message\" class=\"elementor-field-label\">\n\t\t\t\t\t\t\t\tMessage\t\t\t\t\t\t\t<\/label>\n\t\t\t\t\t\t<textarea class=\"elementor-field-textual elementor-field  elementor-size-sm\" name=\"form_fields[message]\" id=\"form-field-message\" rows=\"4\" placeholder=\"\u00c9crivez votre message ici\" required=\"required\"><\/textarea>\t\t\t\t<\/div>\n\t\t\t\t\t\t\t\t<div class=\"elementor-field-type-acceptance elementor-field-group elementor-column elementor-field-group-field_e6e4be4 elementor-col-100\">\n\t\t\t\t\t\t\t<div class=\"elementor-field-subgroup\">\n\t\t\t<span class=\"elementor-field-option\">\n\t\t\t\t<input type=\"checkbox\" name=\"form_fields[field_e6e4be4]\" id=\"form-field-field_e6e4be4\" class=\"elementor-field elementor-size-sm  elementor-acceptance-field\">\n\t\t\t\t<label for=\"form-field-field_e6e4be4\">J'ai lu et j'accepte la politique de confidentialit\u00e9 et l'avis juridique*.<\/label>\t\t\t<\/span>\n\t\t<\/div>\n\t\t\t\t\t\t<\/div>\n\t\t\t\t\t\t\t\t<div class=\"elementor-field-group elementor-column elementor-field-type-submit elementor-col-100 e-form__buttons\">\n\t\t\t\t\t<button class=\"elementor-button elementor-size-sm\" type=\"submit\">\n\t\t\t\t\t\t<span class=\"elementor-button-content-wrapper\">\n\t\t\t\t\t\t\t\t\t\t\t\t\t\t\t\t\t\t\t\t\t\t<span class=\"elementor-button-text\">Envoyer<\/span>\n\t\t\t\t\t\t\t\t\t\t\t\t\t<\/span>\n\t\t\t\t\t<\/button>\n\t\t\t\t<\/div>\n\t\t\t<\/div>\n\t\t<\/form>\n\t\t\t\t\t\t<\/div>\n\t\t\t\t<\/div>\n\t\t<div class=\"elementor-element elementor-element-89e44b5 e-con-full e-flex e-con e-child\" data-id=\"89e44b5\" data-element_type=\"container\" data-e-type=\"container\">\n\t\t\t\t<div class=\"elementor-element elementor-element-6f8f3c9 elementor-widget elementor-widget-image\" data-id=\"6f8f3c9\" data-element_type=\"widget\" data-e-type=\"widget\" data-widget_type=\"image.default\">\n\t\t\t\t\t\t\t\t\t\t\t\t\t\t\t<img decoding=\"async\" width=\"800\" height=\"721\" src=\"https:\/\/bilore.es\/wp-content\/uploads\/2025\/07\/contacta.jpg\" class=\"attachment-large size-large wp-image-1684\" alt=\"contact\" srcset=\"https:\/\/bilore.es\/wp-content\/uploads\/2025\/07\/contacta.jpg 800w, https:\/\/bilore.es\/wp-content\/uploads\/2025\/07\/contacta-600x541.jpg 600w, https:\/\/bilore.es\/wp-content\/uploads\/2025\/07\/contacta-300x270.jpg 300w, https:\/\/bilore.es\/wp-content\/uploads\/2025\/07\/contacta-768x692.jpg 768w\" sizes=\"(max-width: 800px) 100vw, 800px\" \/>\t\t\t\t\t\t\t\t\t\t\t\t\t\t\t<\/div>\n\t\t\t\t<div class=\"elementor-element elementor-element-eae66e9 elementor-widget elementor-widget-google_maps\" data-id=\"eae66e9\" data-element_type=\"widget\" data-e-type=\"widget\" data-widget_type=\"google_maps.default\">\n\t\t\t\t\t\t\t<div class=\"elementor-custom-embed\">\n\t\t\t<iframe loading=\"lazy\"\n\t\t\t\t\tsrc=\"https:\/\/maps.google.com\/maps?q=Carrer%20Caseta%20d%27en%20Camp%2C%20S%2FN%2C%2008650%20Cabrianes%2C%20Barcelona&#038;t=m&#038;z=11&#038;output=embed&#038;iwloc=near\"\n\t\t\t\t\ttitle=\"Carrer Caseta d&#039;en Camp, S\/N, 08650 Cabrianes, Barcelona\"\n\t\t\t\t\taria-label=\"Carrer Caseta d&#039;en Camp, S\/N, 08650 Cabrianes, Barcelona\"\n\t\t\t><\/iframe>\n\t\t<\/div>\n\t\t\t\t\t\t<\/div>\n\t\t\t\t<\/div>\n\t\t\t\t<\/div>\n\t\t\t\t<\/div>\n\t\t","protected":false},"excerpt":{"rendered":"<p>fournisseurs de produits de nettoyage O\u00f9 nous sommes Qualit\u00e9, innovation et prix \u00e9quitable : la formule qui vous a ouvert les portes des march\u00e9s internationaux. Trouvez nos produits Nouvelle \u00e9poque, nouveaux besoins. Chez Bilore, nous sommes toujours \u00e0 l&rsquo;\u00e9coute du march\u00e9 et de nos clients, en am\u00e9liorant et en innovant constamment pour offrir des solutions [&hellip;]<\/p>\n","protected":false},"author":1,"featured_media":0,"parent":0,"menu_order":0,"comment_status":"closed","ping_status":"closed","template":"","meta":{"_acf_changed":false,"footnotes":""},"folder":[],"class_list":["post-1792","page","type-page","status-publish","hentry"],"acf":[],"yoast_head":"<!-- This site is optimized with the Yoast SEO plugin v27.4 - https:\/\/yoast.com\/product\/yoast-seo-wordpress\/ -->\n<title>Fournisseurs de produits de nettoyage en Europe<\/title>\n<meta name=\"description\" content=\"Bilore est un fournisseur de produits de nettoyage pr\u00e9sent en Espagne, en France, en Italie, en Belgique, en Pologne et en Roumanie.\" \/>\n<meta name=\"robots\" content=\"index, follow, max-snippet:-1, max-image-preview:large, max-video-preview:-1\" \/>\n<link rel=\"canonical\" href=\"https:\/\/bilore.es\/fr\/ou-nous-sommes\/\" \/>\n<meta property=\"og:locale\" content=\"fr_FR\" \/>\n<meta property=\"og:type\" content=\"article\" \/>\n<meta property=\"og:title\" content=\"Fournisseurs de produits de nettoyage en Europe\" \/>\n<meta property=\"og:description\" content=\"Bilore est un fournisseur de produits de nettoyage pr\u00e9sent en Espagne, en France, en Italie, en Belgique, en Pologne et en Roumanie.\" \/>\n<meta property=\"og:url\" content=\"https:\/\/bilore.es\/fr\/ou-nous-sommes\/\" \/>\n<meta property=\"og:site_name\" content=\"Bilore\" \/>\n<meta property=\"article:modified_time\" content=\"2025-10-06T08:02:54+00:00\" \/>\n<meta property=\"og:image\" content=\"https:\/\/bilore.es\/wp-content\/uploads\/2025\/07\/bilore-mapa.jpg\" \/>\n\t<meta property=\"og:image:width\" content=\"1240\" \/>\n\t<meta property=\"og:image:height\" content=\"641\" \/>\n\t<meta property=\"og:image:type\" content=\"image\/jpeg\" \/>\n<meta name=\"twitter:card\" content=\"summary_large_image\" \/>\n<script type=\"application\/ld+json\" class=\"yoast-schema-graph\">{\"@context\":\"https:\\\/\\\/schema.org\",\"@graph\":[{\"@type\":\"WebPage\",\"@id\":\"https:\\\/\\\/bilore.es\\\/fr\\\/ou-nous-sommes\\\/\",\"url\":\"https:\\\/\\\/bilore.es\\\/fr\\\/ou-nous-sommes\\\/\",\"name\":\"Fournisseurs de produits de nettoyage en Europe\",\"isPartOf\":{\"@id\":\"https:\\\/\\\/bilore.es\\\/fr\\\/#website\"},\"primaryImageOfPage\":{\"@id\":\"https:\\\/\\\/bilore.es\\\/fr\\\/ou-nous-sommes\\\/#primaryimage\"},\"image\":{\"@id\":\"https:\\\/\\\/bilore.es\\\/fr\\\/ou-nous-sommes\\\/#primaryimage\"},\"thumbnailUrl\":\"https:\\\/\\\/bilore.es\\\/wp-content\\\/uploads\\\/2025\\\/07\\\/bilore-mapa.jpg\",\"datePublished\":\"2025-07-02T11:47:43+00:00\",\"dateModified\":\"2025-10-06T08:02:54+00:00\",\"description\":\"Bilore est un fournisseur de produits de nettoyage pr\u00e9sent en Espagne, en France, en Italie, en Belgique, en Pologne et en Roumanie.\",\"breadcrumb\":{\"@id\":\"https:\\\/\\\/bilore.es\\\/fr\\\/ou-nous-sommes\\\/#breadcrumb\"},\"inLanguage\":\"fr-FR\",\"potentialAction\":[{\"@type\":\"ReadAction\",\"target\":[\"https:\\\/\\\/bilore.es\\\/fr\\\/ou-nous-sommes\\\/\"]}]},{\"@type\":\"ImageObject\",\"inLanguage\":\"fr-FR\",\"@id\":\"https:\\\/\\\/bilore.es\\\/fr\\\/ou-nous-sommes\\\/#primaryimage\",\"url\":\"https:\\\/\\\/bilore.es\\\/wp-content\\\/uploads\\\/2025\\\/07\\\/bilore-mapa.jpg\",\"contentUrl\":\"https:\\\/\\\/bilore.es\\\/wp-content\\\/uploads\\\/2025\\\/07\\\/bilore-mapa.jpg\"},{\"@type\":\"BreadcrumbList\",\"@id\":\"https:\\\/\\\/bilore.es\\\/fr\\\/ou-nous-sommes\\\/#breadcrumb\",\"itemListElement\":[{\"@type\":\"ListItem\",\"position\":1,\"name\":\"Portada\",\"item\":\"https:\\\/\\\/bilore.es\\\/fr\\\/\"},{\"@type\":\"ListItem\",\"position\":2,\"name\":\"O\u00f9 nous sommes\"}]},{\"@type\":\"WebSite\",\"@id\":\"https:\\\/\\\/bilore.es\\\/fr\\\/#website\",\"url\":\"https:\\\/\\\/bilore.es\\\/fr\\\/\",\"name\":\"Bilore\",\"description\":\"F\u00e1brica de productos de limpieza\",\"potentialAction\":[{\"@type\":\"SearchAction\",\"target\":{\"@type\":\"EntryPoint\",\"urlTemplate\":\"https:\\\/\\\/bilore.es\\\/fr\\\/?s={search_term_string}\"},\"query-input\":{\"@type\":\"PropertyValueSpecification\",\"valueRequired\":true,\"valueName\":\"search_term_string\"}}],\"inLanguage\":\"fr-FR\"}]}<\/script>\n<!-- \/ Yoast SEO plugin. -->","yoast_head_json":{"title":"Fournisseurs de produits de nettoyage en Europe","description":"Bilore est un fournisseur de produits de nettoyage pr\u00e9sent en Espagne, en France, en Italie, en Belgique, en Pologne et en Roumanie.","robots":{"index":"index","follow":"follow","max-snippet":"max-snippet:-1","max-image-preview":"max-image-preview:large","max-video-preview":"max-video-preview:-1"},"canonical":"https:\/\/bilore.es\/fr\/ou-nous-sommes\/","og_locale":"fr_FR","og_type":"article","og_title":"Fournisseurs de produits de nettoyage en Europe","og_description":"Bilore est un fournisseur de produits de nettoyage pr\u00e9sent en Espagne, en France, en Italie, en Belgique, en Pologne et en Roumanie.","og_url":"https:\/\/bilore.es\/fr\/ou-nous-sommes\/","og_site_name":"Bilore","article_modified_time":"2025-10-06T08:02:54+00:00","og_image":[{"width":1240,"height":641,"url":"https:\/\/bilore.es\/wp-content\/uploads\/2025\/07\/bilore-mapa.jpg","type":"image\/jpeg"}],"twitter_card":"summary_large_image","schema":{"@context":"https:\/\/schema.org","@graph":[{"@type":"WebPage","@id":"https:\/\/bilore.es\/fr\/ou-nous-sommes\/","url":"https:\/\/bilore.es\/fr\/ou-nous-sommes\/","name":"Fournisseurs de produits de nettoyage en Europe","isPartOf":{"@id":"https:\/\/bilore.es\/fr\/#website"},"primaryImageOfPage":{"@id":"https:\/\/bilore.es\/fr\/ou-nous-sommes\/#primaryimage"},"image":{"@id":"https:\/\/bilore.es\/fr\/ou-nous-sommes\/#primaryimage"},"thumbnailUrl":"https:\/\/bilore.es\/wp-content\/uploads\/2025\/07\/bilore-mapa.jpg","datePublished":"2025-07-02T11:47:43+00:00","dateModified":"2025-10-06T08:02:54+00:00","description":"Bilore est un fournisseur de produits de nettoyage pr\u00e9sent en Espagne, en France, en Italie, en Belgique, en Pologne et en Roumanie.","breadcrumb":{"@id":"https:\/\/bilore.es\/fr\/ou-nous-sommes\/#breadcrumb"},"inLanguage":"fr-FR","potentialAction":[{"@type":"ReadAction","target":["https:\/\/bilore.es\/fr\/ou-nous-sommes\/"]}]},{"@type":"ImageObject","inLanguage":"fr-FR","@id":"https:\/\/bilore.es\/fr\/ou-nous-sommes\/#primaryimage","url":"https:\/\/bilore.es\/wp-content\/uploads\/2025\/07\/bilore-mapa.jpg","contentUrl":"https:\/\/bilore.es\/wp-content\/uploads\/2025\/07\/bilore-mapa.jpg"},{"@type":"BreadcrumbList","@id":"https:\/\/bilore.es\/fr\/ou-nous-sommes\/#breadcrumb","itemListElement":[{"@type":"ListItem","position":1,"name":"Portada","item":"https:\/\/bilore.es\/fr\/"},{"@type":"ListItem","position":2,"name":"O\u00f9 nous sommes"}]},{"@type":"WebSite","@id":"https:\/\/bilore.es\/fr\/#website","url":"https:\/\/bilore.es\/fr\/","name":"Bilore","description":"F\u00e1brica de productos de limpieza","potentialAction":[{"@type":"SearchAction","target":{"@type":"EntryPoint","urlTemplate":"https:\/\/bilore.es\/fr\/?s={search_term_string}"},"query-input":{"@type":"PropertyValueSpecification","valueRequired":true,"valueName":"search_term_string"}}],"inLanguage":"fr-FR"}]}},"_links":{"self":[{"href":"https:\/\/bilore.es\/fr\/wp-json\/wp\/v2\/pages\/1792","targetHints":{"allow":["GET"]}}],"collection":[{"href":"https:\/\/bilore.es\/fr\/wp-json\/wp\/v2\/pages"}],"about":[{"href":"https:\/\/bilore.es\/fr\/wp-json\/wp\/v2\/types\/page"}],"author":[{"embeddable":true,"href":"https:\/\/bilore.es\/fr\/wp-json\/wp\/v2\/users\/1"}],"replies":[{"embeddable":true,"href":"https:\/\/bilore.es\/fr\/wp-json\/wp\/v2\/comments?post=1792"}],"version-history":[{"count":3,"href":"https:\/\/bilore.es\/fr\/wp-json\/wp\/v2\/pages\/1792\/revisions"}],"predecessor-version":[{"id":3617,"href":"https:\/\/bilore.es\/fr\/wp-json\/wp\/v2\/pages\/1792\/revisions\/3617"}],"wp:attachment":[{"href":"https:\/\/bilore.es\/fr\/wp-json\/wp\/v2\/media?parent=1792"}],"wp:term":[{"taxonomy":"folder","embeddable":true,"href":"https:\/\/bilore.es\/fr\/wp-json\/wp\/v2\/folder?post=1792"}],"curies":[{"name":"wp","href":"https:\/\/api.w.org\/{rel}","templated":true}]}}