{"id":1827,"date":"2025-07-01T09:45:18","date_gmt":"2025-07-01T09:45:18","guid":{"rendered":"https:\/\/bilore.es\/politique-de-confidentialite\/"},"modified":"2025-10-06T07:53:18","modified_gmt":"2025-10-06T07:53:18","slug":"politique-de-confidentialite","status":"publish","type":"page","link":"https:\/\/bilore.es\/fr\/politique-de-confidentialite\/","title":{"rendered":"Politique de confidentialit\u00e9"},"content":{"rendered":"\t\t<div data-elementor-type=\"wp-page\" data-elementor-id=\"1827\" class=\"elementor elementor-1827 elementor-3\" data-elementor-post-type=\"page\">\n\t\t\t\t<div class=\"elementor-element elementor-element-89ee536 e-flex e-con-boxed e-con e-parent\" data-id=\"89ee536\" data-element_type=\"container\" data-e-type=\"container\">\n\t\t\t\t\t<div class=\"e-con-inner\">\n\t\t\t\t<div class=\"elementor-element elementor-element-7040865 elementor-widget elementor-widget-spacer\" data-id=\"7040865\" data-element_type=\"widget\" data-e-type=\"widget\" data-widget_type=\"spacer.default\">\n\t\t\t\t\t\t\t<div class=\"elementor-spacer\">\n\t\t\t<div class=\"elementor-spacer-inner\"><\/div>\n\t\t<\/div>\n\t\t\t\t\t\t<\/div>\n\t\t\t\t<div class=\"elementor-element elementor-element-627fa73 elementor-widget elementor-widget-heading\" data-id=\"627fa73\" data-element_type=\"widget\" data-e-type=\"widget\" data-widget_type=\"heading.default\">\n\t\t\t\t\t<h1 class=\"elementor-heading-title elementor-size-default\">Politique de confidentialit\u00e9<\/h1>\t\t\t\t<\/div>\n\t\t\t\t<div class=\"elementor-element elementor-element-e042e3e elementor-widget elementor-widget-text-editor\" data-id=\"e042e3e\" data-element_type=\"widget\" data-e-type=\"widget\" data-widget_type=\"text-editor.default\">\n\t\t\t\t\t\t\t\t\t<div class=\"grve-container\">\n<div class=\"grve-row grve-bookmark grve-columns-gap-30\">\n<div class=\"grve-column wpb_column grve-column-1\">\n<div class=\"grve-column-wrapper\">\n<div class=\"grve-element grve-text\">\n<p>La pr\u00e9sente politique de confidentialit\u00e9 r\u00e9git la collecte et le traitement des donn\u00e9es personnelles que vous fournissez lorsque vous acc\u00e9dez \u00e0 notre site web et que vous le parcourez.<\/p>\n<p>Ces donn\u00e9es se r\u00e9duisent \u00e0 votre identit\u00e9 et \u00e0 votre adresse de courrier \u00e9lectronique, qui seront ajout\u00e9es \u00e0 la base de donn\u00e9es de <strong>COLMAR CONNECT, S.L.<\/strong> lorsque vous acc\u00e9derez au site bilore.es ou lorsque vous nous enverrez un courrier \u00e9lectronique.<\/p>\n<p>Ces donn\u00e9es seront trait\u00e9es pour r\u00e9pondre \u00e0 vos questions, permettre le maintien de la session utilisateur, vous identifier, vous connecter \u00e0 d&rsquo;autres applications, conna\u00eetre vos habitudes de navigation, am\u00e9liorer votre exp\u00e9rience de navigation sur le site et vous envoyer des informations sur les services de l&rsquo;entreprise.<\/p>\n<p>Ce site web dispose d&rsquo;une technologie permettant de placer et de stocker des cookies, qui sont d\u00e9crits ci-dessous.<\/p>\n<p>En acceptant cette politique de confidentialit\u00e9, vous consentez express\u00e9ment \u00e0 l&rsquo;envoi de notre propre publicit\u00e9 afin de vous informer sur nos produits et services.<\/p>\n<p>Vos donn\u00e9es personnelles ne seront pas divulgu\u00e9es ou transmises \u00e0 des tiers, mais des donn\u00e9es non personnelles peuvent \u00eatre transmises \u00e0 des tiers et commercialis\u00e9es par l&rsquo;entreprise.<\/p>\n<p>Vous pouvez exercer vos droits d&rsquo;acc\u00e8s, de rectification, de suppression, d&rsquo;opposition, de limitation du traitement et de portabilit\u00e9 de vos donn\u00e9es personnelles aupr\u00e8s du contr\u00f4leur des donn\u00e9es, qui est COLMAR CONNECT, S.L., avec NIF B-, \u00e0 l&rsquo;adresse Cam\u00ed de la Caseta d&rsquo;Encamp, 08650 Sallent (Barcelone), avec NIF B-66359654, dont l&rsquo;adresse est Cam\u00ed de la Caseta d&rsquo;Encamp, 08650 Cabrianes, Sallent (Barcelone) et par <a href=\"https:\/\/bilore.es\/fr\/contact\/\">courrier \u00e9lectronique<\/a> en fournissant une photocopie d&rsquo;un document qui vous identifie par courrier ordinaire, en envoyant une lettre par courrier ordinaire ou par courrier \u00e9lectronique, \u00e0 l&rsquo;attention du contr\u00f4leur des donn\u00e9es, \u00e0 l&rsquo;une des adresses susmentionn\u00e9es. Si vous consid\u00e9rez que vos droits n&rsquo;ont pas \u00e9t\u00e9 respect\u00e9s, vous pouvez exercer votre droit de r\u00e9clamation aupr\u00e8s de l&rsquo;Agence espagnole de protection des donn\u00e9es (www.agpd.es). <\/p>\n<\/div>\n<\/div>\n<\/div>\n<\/div>\n<\/div>\t\t\t\t\t\t\t\t<\/div>\n\t\t\t\t<div class=\"elementor-element elementor-element-5e25a1b elementor-widget elementor-widget-spacer\" data-id=\"5e25a1b\" data-element_type=\"widget\" data-e-type=\"widget\" data-widget_type=\"spacer.default\">\n\t\t\t\t\t\t\t<div class=\"elementor-spacer\">\n\t\t\t<div class=\"elementor-spacer-inner\"><\/div>\n\t\t<\/div>\n\t\t\t\t\t\t<\/div>\n\t\t\t\t\t<\/div>\n\t\t\t\t<\/div>\n\t\t\t\t<\/div>\n\t\t","protected":false},"excerpt":{"rendered":"<p>Politique de confidentialit\u00e9 La pr\u00e9sente politique de confidentialit\u00e9 r\u00e9git la collecte et le traitement des donn\u00e9es personnelles que vous fournissez lorsque vous acc\u00e9dez \u00e0 notre site web et que vous le parcourez. Ces donn\u00e9es se r\u00e9duisent \u00e0 votre identit\u00e9 et \u00e0 votre adresse de courrier \u00e9lectronique, qui seront ajout\u00e9es \u00e0 la base de donn\u00e9es de [&hellip;]<\/p>\n","protected":false},"author":1,"featured_media":0,"parent":0,"menu_order":0,"comment_status":"closed","ping_status":"closed","template":"","meta":{"_acf_changed":false,"footnotes":""},"folder":[],"class_list":["post-1827","page","type-page","status-publish","hentry"],"acf":[],"yoast_head":"<!-- This site is optimized with the Yoast SEO plugin v27.4 - https:\/\/yoast.com\/product\/yoast-seo-wordpress\/ -->\n<title>Politique de confidentialit\u00e9 - Bilore<\/title>\n<meta name=\"robots\" content=\"noindex, nofollow\" \/>\n<meta property=\"og:locale\" content=\"fr_FR\" \/>\n<meta property=\"og:type\" content=\"article\" \/>\n<meta property=\"og:title\" content=\"Politique de confidentialit\u00e9 - Bilore\" \/>\n<meta property=\"og:description\" content=\"Politique de confidentialit\u00e9 La pr\u00e9sente politique de confidentialit\u00e9 r\u00e9git la collecte et le traitement des donn\u00e9es personnelles que vous fournissez lorsque vous acc\u00e9dez \u00e0 notre site web et que vous le parcourez. Ces donn\u00e9es se r\u00e9duisent \u00e0 votre identit\u00e9 et \u00e0 votre adresse de courrier \u00e9lectronique, qui seront ajout\u00e9es \u00e0 la base de donn\u00e9es de [&hellip;]\" \/>\n<meta property=\"og:url\" content=\"https:\/\/bilore.es\/fr\/politique-de-confidentialite\/\" \/>\n<meta property=\"og:site_name\" content=\"Bilore\" \/>\n<meta property=\"article:modified_time\" content=\"2025-10-06T07:53:18+00:00\" \/>\n<meta name=\"twitter:card\" content=\"summary_large_image\" \/>\n<meta name=\"twitter:label1\" content=\"Dur\u00e9e de lecture estim\u00e9e\" \/>\n\t<meta name=\"twitter:data1\" content=\"2 minutes\" \/>\n<script type=\"application\/ld+json\" class=\"yoast-schema-graph\">{\"@context\":\"https:\\\/\\\/schema.org\",\"@graph\":[{\"@type\":\"WebPage\",\"@id\":\"https:\\\/\\\/bilore.es\\\/fr\\\/politique-de-confidentialite\\\/\",\"url\":\"https:\\\/\\\/bilore.es\\\/fr\\\/politique-de-confidentialite\\\/\",\"name\":\"Politique de confidentialit\u00e9 - Bilore\",\"isPartOf\":{\"@id\":\"https:\\\/\\\/bilore.es\\\/fr\\\/#website\"},\"datePublished\":\"2025-07-01T09:45:18+00:00\",\"dateModified\":\"2025-10-06T07:53:18+00:00\",\"breadcrumb\":{\"@id\":\"https:\\\/\\\/bilore.es\\\/fr\\\/politique-de-confidentialite\\\/#breadcrumb\"},\"inLanguage\":\"fr-FR\",\"potentialAction\":[{\"@type\":\"ReadAction\",\"target\":[\"https:\\\/\\\/bilore.es\\\/fr\\\/politique-de-confidentialite\\\/\"]}]},{\"@type\":\"BreadcrumbList\",\"@id\":\"https:\\\/\\\/bilore.es\\\/fr\\\/politique-de-confidentialite\\\/#breadcrumb\",\"itemListElement\":[{\"@type\":\"ListItem\",\"position\":1,\"name\":\"Portada\",\"item\":\"https:\\\/\\\/bilore.es\\\/fr\\\/\"},{\"@type\":\"ListItem\",\"position\":2,\"name\":\"Politique de confidentialit\u00e9\"}]},{\"@type\":\"WebSite\",\"@id\":\"https:\\\/\\\/bilore.es\\\/fr\\\/#website\",\"url\":\"https:\\\/\\\/bilore.es\\\/fr\\\/\",\"name\":\"Bilore\",\"description\":\"F\u00e1brica de productos de limpieza\",\"potentialAction\":[{\"@type\":\"SearchAction\",\"target\":{\"@type\":\"EntryPoint\",\"urlTemplate\":\"https:\\\/\\\/bilore.es\\\/fr\\\/?s={search_term_string}\"},\"query-input\":{\"@type\":\"PropertyValueSpecification\",\"valueRequired\":true,\"valueName\":\"search_term_string\"}}],\"inLanguage\":\"fr-FR\"}]}<\/script>\n<!-- \/ Yoast SEO plugin. -->","yoast_head_json":{"title":"Politique de confidentialit\u00e9 - Bilore","robots":{"index":"noindex","follow":"nofollow"},"og_locale":"fr_FR","og_type":"article","og_title":"Politique de confidentialit\u00e9 - Bilore","og_description":"Politique de confidentialit\u00e9 La pr\u00e9sente politique de confidentialit\u00e9 r\u00e9git la collecte et le traitement des donn\u00e9es personnelles que vous fournissez lorsque vous acc\u00e9dez \u00e0 notre site web et que vous le parcourez. Ces donn\u00e9es se r\u00e9duisent \u00e0 votre identit\u00e9 et \u00e0 votre adresse de courrier \u00e9lectronique, qui seront ajout\u00e9es \u00e0 la base de donn\u00e9es de [&hellip;]","og_url":"https:\/\/bilore.es\/fr\/politique-de-confidentialite\/","og_site_name":"Bilore","article_modified_time":"2025-10-06T07:53:18+00:00","twitter_card":"summary_large_image","twitter_misc":{"Dur\u00e9e de lecture estim\u00e9e":"2 minutes"},"schema":{"@context":"https:\/\/schema.org","@graph":[{"@type":"WebPage","@id":"https:\/\/bilore.es\/fr\/politique-de-confidentialite\/","url":"https:\/\/bilore.es\/fr\/politique-de-confidentialite\/","name":"Politique de confidentialit\u00e9 - Bilore","isPartOf":{"@id":"https:\/\/bilore.es\/fr\/#website"},"datePublished":"2025-07-01T09:45:18+00:00","dateModified":"2025-10-06T07:53:18+00:00","breadcrumb":{"@id":"https:\/\/bilore.es\/fr\/politique-de-confidentialite\/#breadcrumb"},"inLanguage":"fr-FR","potentialAction":[{"@type":"ReadAction","target":["https:\/\/bilore.es\/fr\/politique-de-confidentialite\/"]}]},{"@type":"BreadcrumbList","@id":"https:\/\/bilore.es\/fr\/politique-de-confidentialite\/#breadcrumb","itemListElement":[{"@type":"ListItem","position":1,"name":"Portada","item":"https:\/\/bilore.es\/fr\/"},{"@type":"ListItem","position":2,"name":"Politique de confidentialit\u00e9"}]},{"@type":"WebSite","@id":"https:\/\/bilore.es\/fr\/#website","url":"https:\/\/bilore.es\/fr\/","name":"Bilore","description":"F\u00e1brica de productos de limpieza","potentialAction":[{"@type":"SearchAction","target":{"@type":"EntryPoint","urlTemplate":"https:\/\/bilore.es\/fr\/?s={search_term_string}"},"query-input":{"@type":"PropertyValueSpecification","valueRequired":true,"valueName":"search_term_string"}}],"inLanguage":"fr-FR"}]}},"_links":{"self":[{"href":"https:\/\/bilore.es\/fr\/wp-json\/wp\/v2\/pages\/1827","targetHints":{"allow":["GET"]}}],"collection":[{"href":"https:\/\/bilore.es\/fr\/wp-json\/wp\/v2\/pages"}],"about":[{"href":"https:\/\/bilore.es\/fr\/wp-json\/wp\/v2\/types\/page"}],"author":[{"embeddable":true,"href":"https:\/\/bilore.es\/fr\/wp-json\/wp\/v2\/users\/1"}],"replies":[{"embeddable":true,"href":"https:\/\/bilore.es\/fr\/wp-json\/wp\/v2\/comments?post=1827"}],"version-history":[{"count":3,"href":"https:\/\/bilore.es\/fr\/wp-json\/wp\/v2\/pages\/1827\/revisions"}],"predecessor-version":[{"id":3585,"href":"https:\/\/bilore.es\/fr\/wp-json\/wp\/v2\/pages\/1827\/revisions\/3585"}],"wp:attachment":[{"href":"https:\/\/bilore.es\/fr\/wp-json\/wp\/v2\/media?parent=1827"}],"wp:term":[{"taxonomy":"folder","embeddable":true,"href":"https:\/\/bilore.es\/fr\/wp-json\/wp\/v2\/folder?post=1827"}],"curies":[{"name":"wp","href":"https:\/\/api.w.org\/{rel}","templated":true}]}}