{"id":2208,"date":"2024-07-14T09:33:52","date_gmt":"2024-07-14T09:33:52","guid":{"rendered":"https:\/\/bilore.es\/producto\/detergent-liquide-vetements-delicats\/"},"modified":"2026-01-14T13:01:53","modified_gmt":"2026-01-14T13:01:53","slug":"detergent-liquide-vetements-delicats","status":"publish","type":"product","link":"https:\/\/bilore.es\/fr\/producto\/detergent-liquide-vetements-delicats\/","title":{"rendered":"Lessive liquide V\u00eatements d\u00e9licats"},"content":{"rendered":"\t\t<div data-elementor-type=\"product-post\" data-elementor-id=\"2208\" class=\"elementor elementor-2208 elementor-965\" data-elementor-post-type=\"product\">\n\t\t\t\t<div class=\"elementor-element elementor-element-42c94ee9 e-flex e-con-boxed e-con e-parent\" data-id=\"42c94ee9\" data-element_type=\"container\" data-e-type=\"container\">\n\t\t\t\t\t<div class=\"e-con-inner\">\n\t\t\t\t<div class=\"elementor-element elementor-element-5b296dc elementor-widget elementor-widget-text-editor\" data-id=\"5b296dc\" data-element_type=\"widget\" data-e-type=\"widget\" data-widget_type=\"text-editor.default\">\n\t\t\t\t\t\t\t\t\t<p>Le concentr\u00e9 d&rsquo;assouplissant Bilore apporte une douceur intense \u00e0 vos v\u00eatements.<\/p>\t\t\t\t\t\t\t\t<\/div>\n\t\t\t\t<div class=\"elementor-element elementor-element-54727876 elementor-icon-list--layout-traditional elementor-list-item-link-full_width elementor-widget elementor-widget-icon-list\" data-id=\"54727876\" data-element_type=\"widget\" data-e-type=\"widget\" data-widget_type=\"icon-list.default\">\n\t\t\t\t\t\t\t<ul class=\"elementor-icon-list-items\">\n\t\t\t\t\t\t\t<li class=\"elementor-icon-list-item\">\n\t\t\t\t\t\t\t\t\t\t\t<span class=\"elementor-icon-list-icon\">\n\t\t\t\t\t\t\t<svg aria-hidden=\"true\" class=\"e-font-icon-svg e-fas-check\" viewBox=\"0 0 512 512\" xmlns=\"http:\/\/www.w3.org\/2000\/svg\"><path d=\"M173.898 439.404l-166.4-166.4c-9.997-9.997-9.997-26.206 0-36.204l36.203-36.204c9.997-9.998 26.207-9.998 36.204 0L192 312.69 432.095 72.596c9.997-9.997 26.207-9.997 36.204 0l36.203 36.204c9.997 9.997 9.997 26.206 0 36.204l-294.4 294.401c-9.998 9.997-26.207 9.997-36.204-.001z\"><\/path><\/svg>\t\t\t\t\t\t<\/span>\n\t\t\t\t\t\t\t\t\t\t<span class=\"elementor-icon-list-text\">Lavable \u00e0 la main et en machine<\/span>\n\t\t\t\t\t\t\t\t\t<\/li>\n\t\t\t\t\t\t\t\t<li class=\"elementor-icon-list-item\">\n\t\t\t\t\t\t\t\t\t\t\t<span class=\"elementor-icon-list-icon\">\n\t\t\t\t\t\t\t<svg aria-hidden=\"true\" class=\"e-font-icon-svg e-fas-check\" viewBox=\"0 0 512 512\" xmlns=\"http:\/\/www.w3.org\/2000\/svg\"><path d=\"M173.898 439.404l-166.4-166.4c-9.997-9.997-9.997-26.206 0-36.204l36.203-36.204c9.997-9.998 26.207-9.998 36.204 0L192 312.69 432.095 72.596c9.997-9.997 26.207-9.997 36.204 0l36.203 36.204c9.997 9.997 9.997 26.206 0 36.204l-294.4 294.401c-9.998 9.997-26.207 9.997-36.204-.001z\"><\/path><\/svg>\t\t\t\t\t\t<\/span>\n\t\t\t\t\t\t\t\t\t\t<span class=\"elementor-icon-list-text\">Efficace dans l'eau chaude et froide<\/span>\n\t\t\t\t\t\t\t\t\t<\/li>\n\t\t\t\t\t\t\t\t<li class=\"elementor-icon-list-item\">\n\t\t\t\t\t\t\t\t\t\t\t<span class=\"elementor-icon-list-icon\">\n\t\t\t\t\t\t\t<svg aria-hidden=\"true\" class=\"e-font-icon-svg e-fas-check\" viewBox=\"0 0 512 512\" xmlns=\"http:\/\/www.w3.org\/2000\/svg\"><path d=\"M173.898 439.404l-166.4-166.4c-9.997-9.997-9.997-26.206 0-36.204l36.203-36.204c9.997-9.998 26.207-9.998 36.204 0L192 312.69 432.095 72.596c9.997-9.997 26.207-9.997 36.204 0l36.203 36.204c9.997 9.997 9.997 26.206 0 36.204l-294.4 294.401c-9.998 9.997-26.207 9.997-36.204-.001z\"><\/path><\/svg>\t\t\t\t\t\t<\/span>\n\t\t\t\t\t\t\t\t\t\t<span class=\"elementor-icon-list-text\">Id\u00e9al pour tous les types de linge<\/span>\n\t\t\t\t\t\t\t\t\t<\/li>\n\t\t\t\t\t\t<\/ul>\n\t\t\t\t\t\t<\/div>\n\t\t\t\t\t<\/div>\n\t\t\t\t<\/div>\n\t\t\t\t<\/div>\n\t\t","protected":false},"excerpt":{"rendered":"<p>Le concentr\u00e9 d&rsquo;assouplissant Bilore apporte une douceur intense \u00e0 vos v\u00eatements. Lavable \u00e0 la main et en machine Efficace dans l&rsquo;eau chaude et froide Id\u00e9al pour tous les types de linge<\/p>\n","protected":false},"featured_media":2210,"comment_status":"open","ping_status":"closed","template":"","meta":{"_acf_changed":false},"domestico-categoria":[71],"profesional-categoria":[],"product_brand":[],"product_cat":[74],"product_tag":[],"class_list":{"0":"post-2208","1":"product","2":"type-product","3":"status-publish","4":"has-post-thumbnail","6":"domestico-categoria-detergents","7":"product_cat-bilore-domestic","9":"first","10":"instock","11":"shipping-taxable","12":"purchasable","13":"product-type-variable"},"acf":[],"yoast_head":"<!-- This site is optimized with the Yoast SEO plugin v27.4 - https:\/\/yoast.com\/product\/yoast-seo-wordpress\/ -->\n<title>Lessive liquide V\u00eatements d\u00e9licats - Bilore<\/title>\n<meta name=\"robots\" content=\"index, follow, max-snippet:-1, max-image-preview:large, max-video-preview:-1\" \/>\n<link rel=\"canonical\" href=\"https:\/\/bilore.es\/fr\/producto\/detergent-liquide-vetements-delicats\/\" \/>\n<meta property=\"og:locale\" content=\"fr_FR\" \/>\n<meta property=\"og:type\" content=\"article\" \/>\n<meta property=\"og:title\" content=\"Lessive liquide V\u00eatements d\u00e9licats - Bilore\" \/>\n<meta property=\"og:description\" content=\"Le concentr\u00e9 d&rsquo;assouplissant Bilore apporte une douceur intense \u00e0 vos v\u00eatements. Lavable \u00e0 la main et en machine Efficace dans l&rsquo;eau chaude et froide Id\u00e9al pour tous les types de linge\" \/>\n<meta property=\"og:url\" content=\"https:\/\/bilore.es\/fr\/producto\/detergent-liquide-vetements-delicats\/\" \/>\n<meta property=\"og:site_name\" content=\"Bilore\" \/>\n<meta property=\"article:modified_time\" content=\"2026-01-14T13:01:53+00:00\" \/>\n<meta property=\"og:image\" content=\"https:\/\/bilore.es\/wp-content\/uploads\/2025\/07\/Bilore_0013_B_DETERGENT_2L_PRENDASDELICADAS.jpg\" \/>\n\t<meta property=\"og:image:width\" content=\"800\" \/>\n\t<meta property=\"og:image:height\" content=\"782\" \/>\n\t<meta property=\"og:image:type\" content=\"image\/jpeg\" \/>\n<meta name=\"twitter:card\" content=\"summary_large_image\" \/>\n<script type=\"application\/ld+json\" class=\"yoast-schema-graph\">{\"@context\":\"https:\\\/\\\/schema.org\",\"@graph\":[{\"@type\":\"WebPage\",\"@id\":\"https:\\\/\\\/bilore.es\\\/fr\\\/producto\\\/detergent-liquide-vetements-delicats\\\/\",\"url\":\"https:\\\/\\\/bilore.es\\\/fr\\\/producto\\\/detergent-liquide-vetements-delicats\\\/\",\"name\":\"Lessive liquide V\u00eatements d\u00e9licats - Bilore\",\"isPartOf\":{\"@id\":\"https:\\\/\\\/bilore.es\\\/fr\\\/#website\"},\"primaryImageOfPage\":{\"@id\":\"https:\\\/\\\/bilore.es\\\/fr\\\/producto\\\/detergent-liquide-vetements-delicats\\\/#primaryimage\"},\"image\":{\"@id\":\"https:\\\/\\\/bilore.es\\\/fr\\\/producto\\\/detergent-liquide-vetements-delicats\\\/#primaryimage\"},\"thumbnailUrl\":\"https:\\\/\\\/bilore.es\\\/wp-content\\\/uploads\\\/2025\\\/07\\\/Bilore_0013_B_DETERGENT_2L_PRENDASDELICADAS.jpg\",\"datePublished\":\"2024-07-14T09:33:52+00:00\",\"dateModified\":\"2026-01-14T13:01:53+00:00\",\"breadcrumb\":{\"@id\":\"https:\\\/\\\/bilore.es\\\/fr\\\/producto\\\/detergent-liquide-vetements-delicats\\\/#breadcrumb\"},\"inLanguage\":\"fr-FR\",\"potentialAction\":[{\"@type\":\"ReadAction\",\"target\":[\"https:\\\/\\\/bilore.es\\\/fr\\\/producto\\\/detergent-liquide-vetements-delicats\\\/\"]}]},{\"@type\":\"ImageObject\",\"inLanguage\":\"fr-FR\",\"@id\":\"https:\\\/\\\/bilore.es\\\/fr\\\/producto\\\/detergent-liquide-vetements-delicats\\\/#primaryimage\",\"url\":\"https:\\\/\\\/bilore.es\\\/wp-content\\\/uploads\\\/2025\\\/07\\\/Bilore_0013_B_DETERGENT_2L_PRENDASDELICADAS.jpg\",\"contentUrl\":\"https:\\\/\\\/bilore.es\\\/wp-content\\\/uploads\\\/2025\\\/07\\\/Bilore_0013_B_DETERGENT_2L_PRENDASDELICADAS.jpg\",\"width\":800,\"height\":782,\"caption\":\"Bilore DETERGENT_2L_DELICATE_PRENDITES\"},{\"@type\":\"BreadcrumbList\",\"@id\":\"https:\\\/\\\/bilore.es\\\/fr\\\/producto\\\/detergent-liquide-vetements-delicats\\\/#breadcrumb\",\"itemListElement\":[{\"@type\":\"ListItem\",\"position\":1,\"name\":\"Portada\",\"item\":\"https:\\\/\\\/bilore.es\\\/fr\\\/\"},{\"@type\":\"ListItem\",\"position\":2,\"name\":\"Boutique\",\"item\":\"https:\\\/\\\/bilore.es\\\/fr\\\/boutique\\\/\"},{\"@type\":\"ListItem\",\"position\":3,\"name\":\"Lessive liquide V\u00eatements d\u00e9licats\"}]},{\"@type\":\"WebSite\",\"@id\":\"https:\\\/\\\/bilore.es\\\/fr\\\/#website\",\"url\":\"https:\\\/\\\/bilore.es\\\/fr\\\/\",\"name\":\"Bilore\",\"description\":\"F\u00e1brica de productos de limpieza\",\"potentialAction\":[{\"@type\":\"SearchAction\",\"target\":{\"@type\":\"EntryPoint\",\"urlTemplate\":\"https:\\\/\\\/bilore.es\\\/fr\\\/?s={search_term_string}\"},\"query-input\":{\"@type\":\"PropertyValueSpecification\",\"valueRequired\":true,\"valueName\":\"search_term_string\"}}],\"inLanguage\":\"fr-FR\"}]}<\/script>\n<!-- \/ Yoast SEO plugin. -->","yoast_head_json":{"title":"Lessive liquide V\u00eatements d\u00e9licats - Bilore","robots":{"index":"index","follow":"follow","max-snippet":"max-snippet:-1","max-image-preview":"max-image-preview:large","max-video-preview":"max-video-preview:-1"},"canonical":"https:\/\/bilore.es\/fr\/producto\/detergent-liquide-vetements-delicats\/","og_locale":"fr_FR","og_type":"article","og_title":"Lessive liquide V\u00eatements d\u00e9licats - Bilore","og_description":"Le concentr\u00e9 d&rsquo;assouplissant Bilore apporte une douceur intense \u00e0 vos v\u00eatements. Lavable \u00e0 la main et en machine Efficace dans l&rsquo;eau chaude et froide Id\u00e9al pour tous les types de linge","og_url":"https:\/\/bilore.es\/fr\/producto\/detergent-liquide-vetements-delicats\/","og_site_name":"Bilore","article_modified_time":"2026-01-14T13:01:53+00:00","og_image":[{"width":800,"height":782,"url":"https:\/\/bilore.es\/wp-content\/uploads\/2025\/07\/Bilore_0013_B_DETERGENT_2L_PRENDASDELICADAS.jpg","type":"image\/jpeg"}],"twitter_card":"summary_large_image","schema":{"@context":"https:\/\/schema.org","@graph":[{"@type":"WebPage","@id":"https:\/\/bilore.es\/fr\/producto\/detergent-liquide-vetements-delicats\/","url":"https:\/\/bilore.es\/fr\/producto\/detergent-liquide-vetements-delicats\/","name":"Lessive liquide V\u00eatements d\u00e9licats - Bilore","isPartOf":{"@id":"https:\/\/bilore.es\/fr\/#website"},"primaryImageOfPage":{"@id":"https:\/\/bilore.es\/fr\/producto\/detergent-liquide-vetements-delicats\/#primaryimage"},"image":{"@id":"https:\/\/bilore.es\/fr\/producto\/detergent-liquide-vetements-delicats\/#primaryimage"},"thumbnailUrl":"https:\/\/bilore.es\/wp-content\/uploads\/2025\/07\/Bilore_0013_B_DETERGENT_2L_PRENDASDELICADAS.jpg","datePublished":"2024-07-14T09:33:52+00:00","dateModified":"2026-01-14T13:01:53+00:00","breadcrumb":{"@id":"https:\/\/bilore.es\/fr\/producto\/detergent-liquide-vetements-delicats\/#breadcrumb"},"inLanguage":"fr-FR","potentialAction":[{"@type":"ReadAction","target":["https:\/\/bilore.es\/fr\/producto\/detergent-liquide-vetements-delicats\/"]}]},{"@type":"ImageObject","inLanguage":"fr-FR","@id":"https:\/\/bilore.es\/fr\/producto\/detergent-liquide-vetements-delicats\/#primaryimage","url":"https:\/\/bilore.es\/wp-content\/uploads\/2025\/07\/Bilore_0013_B_DETERGENT_2L_PRENDASDELICADAS.jpg","contentUrl":"https:\/\/bilore.es\/wp-content\/uploads\/2025\/07\/Bilore_0013_B_DETERGENT_2L_PRENDASDELICADAS.jpg","width":800,"height":782,"caption":"Bilore DETERGENT_2L_DELICATE_PRENDITES"},{"@type":"BreadcrumbList","@id":"https:\/\/bilore.es\/fr\/producto\/detergent-liquide-vetements-delicats\/#breadcrumb","itemListElement":[{"@type":"ListItem","position":1,"name":"Portada","item":"https:\/\/bilore.es\/fr\/"},{"@type":"ListItem","position":2,"name":"Boutique","item":"https:\/\/bilore.es\/fr\/boutique\/"},{"@type":"ListItem","position":3,"name":"Lessive liquide V\u00eatements d\u00e9licats"}]},{"@type":"WebSite","@id":"https:\/\/bilore.es\/fr\/#website","url":"https:\/\/bilore.es\/fr\/","name":"Bilore","description":"F\u00e1brica de productos de limpieza","potentialAction":[{"@type":"SearchAction","target":{"@type":"EntryPoint","urlTemplate":"https:\/\/bilore.es\/fr\/?s={search_term_string}"},"query-input":{"@type":"PropertyValueSpecification","valueRequired":true,"valueName":"search_term_string"}}],"inLanguage":"fr-FR"}]}},"_links":{"self":[{"href":"https:\/\/bilore.es\/fr\/wp-json\/wp\/v2\/product\/2208","targetHints":{"allow":["GET"]}}],"collection":[{"href":"https:\/\/bilore.es\/fr\/wp-json\/wp\/v2\/product"}],"about":[{"href":"https:\/\/bilore.es\/fr\/wp-json\/wp\/v2\/types\/product"}],"replies":[{"embeddable":true,"href":"https:\/\/bilore.es\/fr\/wp-json\/wp\/v2\/comments?post=2208"}],"version-history":[{"count":4,"href":"https:\/\/bilore.es\/fr\/wp-json\/wp\/v2\/product\/2208\/revisions"}],"predecessor-version":[{"id":3855,"href":"https:\/\/bilore.es\/fr\/wp-json\/wp\/v2\/product\/2208\/revisions\/3855"}],"wp:featuredmedia":[{"embeddable":true,"href":"https:\/\/bilore.es\/fr\/wp-json\/wp\/v2\/media\/2210"}],"wp:attachment":[{"href":"https:\/\/bilore.es\/fr\/wp-json\/wp\/v2\/media?parent=2208"}],"wp:term":[{"taxonomy":"domestico-categoria","embeddable":true,"href":"https:\/\/bilore.es\/fr\/wp-json\/wp\/v2\/domestico-categoria?post=2208"},{"taxonomy":"profesional-categoria","embeddable":true,"href":"https:\/\/bilore.es\/fr\/wp-json\/wp\/v2\/profesional-categoria?post=2208"},{"taxonomy":"product_brand","embeddable":true,"href":"https:\/\/bilore.es\/fr\/wp-json\/wp\/v2\/product_brand?post=2208"},{"taxonomy":"product_cat","embeddable":true,"href":"https:\/\/bilore.es\/fr\/wp-json\/wp\/v2\/product_cat?post=2208"},{"taxonomy":"product_tag","embeddable":true,"href":"https:\/\/bilore.es\/fr\/wp-json\/wp\/v2\/product_tag?post=2208"}],"curies":[{"name":"wp","href":"https:\/\/api.w.org\/{rel}","templated":true}]}}