{"id":2625,"date":"2025-07-14T10:11:36","date_gmt":"2025-07-14T10:11:36","guid":{"rendered":"https:\/\/bilore.es\/producto\/lave-vaisselle-fraise\/"},"modified":"2026-01-16T08:37:55","modified_gmt":"2026-01-16T08:37:55","slug":"lave-vaisselle-fraise","status":"publish","type":"product","link":"https:\/\/bilore.es\/fr\/producto\/lave-vaisselle-fraise\/","title":{"rendered":"Liquide Vaisselle Fraise"},"content":{"rendered":"\t\t<div data-elementor-type=\"product-post\" data-elementor-id=\"2625\" class=\"elementor elementor-2625 elementor-1017\" data-elementor-post-type=\"product\">\n\t\t\t\t<div class=\"elementor-element elementor-element-113a6193 e-flex e-con-boxed e-con e-parent\" data-id=\"113a6193\" data-element_type=\"container\" data-e-type=\"container\">\n\t\t\t\t\t<div class=\"e-con-inner\">\n\t\t\t\t<div class=\"elementor-element elementor-element-2e5331e8 elementor-icon-list--layout-traditional elementor-list-item-link-full_width elementor-widget elementor-widget-icon-list\" data-id=\"2e5331e8\" data-element_type=\"widget\" data-e-type=\"widget\" data-widget_type=\"icon-list.default\">\n\t\t\t\t\t\t\t<ul class=\"elementor-icon-list-items\">\n\t\t\t\t\t\t\t<li class=\"elementor-icon-list-item\">\n\t\t\t\t\t\t\t\t\t\t\t<span class=\"elementor-icon-list-icon\">\n\t\t\t\t\t\t\t<svg aria-hidden=\"true\" class=\"e-font-icon-svg e-fas-check\" viewBox=\"0 0 512 512\" xmlns=\"http:\/\/www.w3.org\/2000\/svg\"><path d=\"M173.898 439.404l-166.4-166.4c-9.997-9.997-9.997-26.206 0-36.204l36.203-36.204c9.997-9.998 26.207-9.998 36.204 0L192 312.69 432.095 72.596c9.997-9.997 26.207-9.997 36.204 0l36.203 36.204c9.997 9.997 9.997 26.206 0 36.204l-294.4 294.401c-9.998 9.997-26.207 9.997-36.204-.001z\"><\/path><\/svg>\t\t\t\t\t\t<\/span>\n\t\t\t\t\t\t\t\t\t\t<span class=\"elementor-icon-list-text\">\u00c9limine les graisses incrust\u00e9es<\/span>\n\t\t\t\t\t\t\t\t\t<\/li>\n\t\t\t\t\t\t\t\t<li class=\"elementor-icon-list-item\">\n\t\t\t\t\t\t\t\t\t\t\t<span class=\"elementor-icon-list-icon\">\n\t\t\t\t\t\t\t<svg aria-hidden=\"true\" class=\"e-font-icon-svg e-fas-check\" viewBox=\"0 0 512 512\" xmlns=\"http:\/\/www.w3.org\/2000\/svg\"><path d=\"M173.898 439.404l-166.4-166.4c-9.997-9.997-9.997-26.206 0-36.204l36.203-36.204c9.997-9.998 26.207-9.998 36.204 0L192 312.69 432.095 72.596c9.997-9.997 26.207-9.997 36.204 0l36.203 36.204c9.997 9.997 9.997 26.206 0 36.204l-294.4 294.401c-9.998 9.997-26.207 9.997-36.204-.001z\"><\/path><\/svg>\t\t\t\t\t\t<\/span>\n\t\t\t\t\t\t\t\t\t\t<span class=\"elementor-icon-list-text\">Nettoyage rapide<\/span>\n\t\t\t\t\t\t\t\t\t<\/li>\n\t\t\t\t\t\t\t\t<li class=\"elementor-icon-list-item\">\n\t\t\t\t\t\t\t\t\t\t\t<span class=\"elementor-icon-list-icon\">\n\t\t\t\t\t\t\t<svg aria-hidden=\"true\" class=\"e-font-icon-svg e-fas-check\" viewBox=\"0 0 512 512\" xmlns=\"http:\/\/www.w3.org\/2000\/svg\"><path d=\"M173.898 439.404l-166.4-166.4c-9.997-9.997-9.997-26.206 0-36.204l36.203-36.204c9.997-9.998 26.207-9.998 36.204 0L192 312.69 432.095 72.596c9.997-9.997 26.207-9.997 36.204 0l36.203 36.204c9.997 9.997 9.997 26.206 0 36.204l-294.4 294.401c-9.998 9.997-26.207 9.997-36.204-.001z\"><\/path><\/svg>\t\t\t\t\t\t<\/span>\n\t\t\t\t\t\t\t\t\t\t<span class=\"elementor-icon-list-text\">Rin\u00e7age facile<\/span>\n\t\t\t\t\t\t\t\t\t<\/li>\n\t\t\t\t\t\t\t\t<li class=\"elementor-icon-list-item\">\n\t\t\t\t\t\t\t\t\t\t\t<span class=\"elementor-icon-list-icon\">\n\t\t\t\t\t\t\t<svg aria-hidden=\"true\" class=\"e-font-icon-svg e-fas-check\" viewBox=\"0 0 512 512\" xmlns=\"http:\/\/www.w3.org\/2000\/svg\"><path d=\"M173.898 439.404l-166.4-166.4c-9.997-9.997-9.997-26.206 0-36.204l36.203-36.204c9.997-9.998 26.207-9.998 36.204 0L192 312.69 432.095 72.596c9.997-9.997 26.207-9.997 36.204 0l36.203 36.204c9.997 9.997 9.997 26.206 0 36.204l-294.4 294.401c-9.998 9.997-26.207 9.997-36.204-.001z\"><\/path><\/svg>\t\t\t\t\t\t<\/span>\n\t\t\t\t\t\t\t\t\t\t<span class=\"elementor-icon-list-text\">Pouvoir d\u00e9graissant<\/span>\n\t\t\t\t\t\t\t\t\t<\/li>\n\t\t\t\t\t\t\t\t<li class=\"elementor-icon-list-item\">\n\t\t\t\t\t\t\t\t\t\t\t<span class=\"elementor-icon-list-icon\">\n\t\t\t\t\t\t\t<svg aria-hidden=\"true\" class=\"e-font-icon-svg e-fas-check\" viewBox=\"0 0 512 512\" xmlns=\"http:\/\/www.w3.org\/2000\/svg\"><path d=\"M173.898 439.404l-166.4-166.4c-9.997-9.997-9.997-26.206 0-36.204l36.203-36.204c9.997-9.998 26.207-9.998 36.204 0L192 312.69 432.095 72.596c9.997-9.997 26.207-9.997 36.204 0l36.203 36.204c9.997 9.997 9.997 26.206 0 36.204l-294.4 294.401c-9.998 9.997-26.207 9.997-36.204-.001z\"><\/path><\/svg>\t\t\t\t\t\t<\/span>\n\t\t\t\t\t\t\t\t\t\t<span class=\"elementor-icon-list-text\">Sa formule agit imm\u00e9diatement sur les graisses les plus tenaces et permet un nettoyage brillant et efficace.<\/span>\n\t\t\t\t\t\t\t\t\t<\/li>\n\t\t\t\t\t\t<\/ul>\n\t\t\t\t\t\t<\/div>\n\t\t\t\t\t<\/div>\n\t\t\t\t<\/div>\n\t\t\t\t<\/div>\n\t\t","protected":false},"excerpt":{"rendered":"<p>\u00c9limine les graisses incrust\u00e9es Nettoyage rapide Rin\u00e7age facile Pouvoir d\u00e9graissant Sa formule agit imm\u00e9diatement sur les graisses les plus tenaces et permet un nettoyage brillant et efficace.<\/p>\n","protected":false},"featured_media":2627,"comment_status":"open","ping_status":"closed","template":"","meta":{"_acf_changed":false},"domestico-categoria":[102],"profesional-categoria":[],"product_brand":[],"product_cat":[74],"product_tag":[],"class_list":{"0":"post-2625","1":"product","2":"type-product","3":"status-publish","4":"has-post-thumbnail","6":"domestico-categoria-lave-vaisselle","7":"product_cat-bilore-domestic","9":"first","10":"instock","11":"shipping-taxable","12":"purchasable","13":"product-type-variable"},"acf":[],"yoast_head":"<!-- This site is optimized with the Yoast SEO plugin v27.4 - https:\/\/yoast.com\/product\/yoast-seo-wordpress\/ -->\n<title>Liquide Vaisselle Fraise - Bilore<\/title>\n<meta name=\"robots\" content=\"index, follow, max-snippet:-1, max-image-preview:large, max-video-preview:-1\" \/>\n<link rel=\"canonical\" href=\"https:\/\/bilore.es\/fr\/producto\/lave-vaisselle-fraise\/\" \/>\n<meta property=\"og:locale\" content=\"fr_FR\" \/>\n<meta property=\"og:type\" content=\"article\" \/>\n<meta property=\"og:title\" content=\"Liquide Vaisselle Fraise - Bilore\" \/>\n<meta property=\"og:description\" content=\"\u00c9limine les graisses incrust\u00e9es Nettoyage rapide Rin\u00e7age facile Pouvoir d\u00e9graissant Sa formule agit imm\u00e9diatement sur les graisses les plus tenaces et permet un nettoyage brillant et efficace.\" \/>\n<meta property=\"og:url\" content=\"https:\/\/bilore.es\/fr\/producto\/lave-vaisselle-fraise\/\" \/>\n<meta property=\"og:site_name\" content=\"Bilore\" \/>\n<meta property=\"article:modified_time\" content=\"2026-01-16T08:37:55+00:00\" \/>\n<meta property=\"og:image\" content=\"https:\/\/bilore.es\/wp-content\/uploads\/2025\/07\/Bilore_0064_B_LAVAVAJILLAS_1L_FRESA.jpg\" \/>\n\t<meta property=\"og:image:width\" content=\"800\" \/>\n\t<meta property=\"og:image:height\" content=\"782\" \/>\n\t<meta property=\"og:image:type\" content=\"image\/jpeg\" \/>\n<meta name=\"twitter:card\" content=\"summary_large_image\" \/>\n<script type=\"application\/ld+json\" class=\"yoast-schema-graph\">{\"@context\":\"https:\\\/\\\/schema.org\",\"@graph\":[{\"@type\":\"WebPage\",\"@id\":\"https:\\\/\\\/bilore.es\\\/fr\\\/producto\\\/lave-vaisselle-fraise\\\/\",\"url\":\"https:\\\/\\\/bilore.es\\\/fr\\\/producto\\\/lave-vaisselle-fraise\\\/\",\"name\":\"Liquide Vaisselle Fraise - Bilore\",\"isPartOf\":{\"@id\":\"https:\\\/\\\/bilore.es\\\/fr\\\/#website\"},\"primaryImageOfPage\":{\"@id\":\"https:\\\/\\\/bilore.es\\\/fr\\\/producto\\\/lave-vaisselle-fraise\\\/#primaryimage\"},\"image\":{\"@id\":\"https:\\\/\\\/bilore.es\\\/fr\\\/producto\\\/lave-vaisselle-fraise\\\/#primaryimage\"},\"thumbnailUrl\":\"https:\\\/\\\/bilore.es\\\/wp-content\\\/uploads\\\/2025\\\/07\\\/Bilore_0064_B_LAVAVAJILLAS_1L_FRESA.jpg\",\"datePublished\":\"2025-07-14T10:11:36+00:00\",\"dateModified\":\"2026-01-16T08:37:55+00:00\",\"breadcrumb\":{\"@id\":\"https:\\\/\\\/bilore.es\\\/fr\\\/producto\\\/lave-vaisselle-fraise\\\/#breadcrumb\"},\"inLanguage\":\"fr-FR\",\"potentialAction\":[{\"@type\":\"ReadAction\",\"target\":[\"https:\\\/\\\/bilore.es\\\/fr\\\/producto\\\/lave-vaisselle-fraise\\\/\"]}]},{\"@type\":\"ImageObject\",\"inLanguage\":\"fr-FR\",\"@id\":\"https:\\\/\\\/bilore.es\\\/fr\\\/producto\\\/lave-vaisselle-fraise\\\/#primaryimage\",\"url\":\"https:\\\/\\\/bilore.es\\\/wp-content\\\/uploads\\\/2025\\\/07\\\/Bilore_0064_B_LAVAVAJILLAS_1L_FRESA.jpg\",\"contentUrl\":\"https:\\\/\\\/bilore.es\\\/wp-content\\\/uploads\\\/2025\\\/07\\\/Bilore_0064_B_LAVAVAJILLAS_1L_FRESA.jpg\",\"width\":800,\"height\":782,\"caption\":\"Bilore Lave-vaisselle_1L_Lave-vaisselle\"},{\"@type\":\"BreadcrumbList\",\"@id\":\"https:\\\/\\\/bilore.es\\\/fr\\\/producto\\\/lave-vaisselle-fraise\\\/#breadcrumb\",\"itemListElement\":[{\"@type\":\"ListItem\",\"position\":1,\"name\":\"Portada\",\"item\":\"https:\\\/\\\/bilore.es\\\/fr\\\/\"},{\"@type\":\"ListItem\",\"position\":2,\"name\":\"Boutique\",\"item\":\"https:\\\/\\\/bilore.es\\\/fr\\\/boutique\\\/\"},{\"@type\":\"ListItem\",\"position\":3,\"name\":\"Liquide Vaisselle Fraise\"}]},{\"@type\":\"WebSite\",\"@id\":\"https:\\\/\\\/bilore.es\\\/fr\\\/#website\",\"url\":\"https:\\\/\\\/bilore.es\\\/fr\\\/\",\"name\":\"Bilore\",\"description\":\"F\u00e1brica de productos de limpieza\",\"potentialAction\":[{\"@type\":\"SearchAction\",\"target\":{\"@type\":\"EntryPoint\",\"urlTemplate\":\"https:\\\/\\\/bilore.es\\\/fr\\\/?s={search_term_string}\"},\"query-input\":{\"@type\":\"PropertyValueSpecification\",\"valueRequired\":true,\"valueName\":\"search_term_string\"}}],\"inLanguage\":\"fr-FR\"}]}<\/script>\n<!-- \/ Yoast SEO plugin. -->","yoast_head_json":{"title":"Liquide Vaisselle Fraise - Bilore","robots":{"index":"index","follow":"follow","max-snippet":"max-snippet:-1","max-image-preview":"max-image-preview:large","max-video-preview":"max-video-preview:-1"},"canonical":"https:\/\/bilore.es\/fr\/producto\/lave-vaisselle-fraise\/","og_locale":"fr_FR","og_type":"article","og_title":"Liquide Vaisselle Fraise - Bilore","og_description":"\u00c9limine les graisses incrust\u00e9es Nettoyage rapide Rin\u00e7age facile Pouvoir d\u00e9graissant Sa formule agit imm\u00e9diatement sur les graisses les plus tenaces et permet un nettoyage brillant et efficace.","og_url":"https:\/\/bilore.es\/fr\/producto\/lave-vaisselle-fraise\/","og_site_name":"Bilore","article_modified_time":"2026-01-16T08:37:55+00:00","og_image":[{"width":800,"height":782,"url":"https:\/\/bilore.es\/wp-content\/uploads\/2025\/07\/Bilore_0064_B_LAVAVAJILLAS_1L_FRESA.jpg","type":"image\/jpeg"}],"twitter_card":"summary_large_image","schema":{"@context":"https:\/\/schema.org","@graph":[{"@type":"WebPage","@id":"https:\/\/bilore.es\/fr\/producto\/lave-vaisselle-fraise\/","url":"https:\/\/bilore.es\/fr\/producto\/lave-vaisselle-fraise\/","name":"Liquide Vaisselle Fraise - Bilore","isPartOf":{"@id":"https:\/\/bilore.es\/fr\/#website"},"primaryImageOfPage":{"@id":"https:\/\/bilore.es\/fr\/producto\/lave-vaisselle-fraise\/#primaryimage"},"image":{"@id":"https:\/\/bilore.es\/fr\/producto\/lave-vaisselle-fraise\/#primaryimage"},"thumbnailUrl":"https:\/\/bilore.es\/wp-content\/uploads\/2025\/07\/Bilore_0064_B_LAVAVAJILLAS_1L_FRESA.jpg","datePublished":"2025-07-14T10:11:36+00:00","dateModified":"2026-01-16T08:37:55+00:00","breadcrumb":{"@id":"https:\/\/bilore.es\/fr\/producto\/lave-vaisselle-fraise\/#breadcrumb"},"inLanguage":"fr-FR","potentialAction":[{"@type":"ReadAction","target":["https:\/\/bilore.es\/fr\/producto\/lave-vaisselle-fraise\/"]}]},{"@type":"ImageObject","inLanguage":"fr-FR","@id":"https:\/\/bilore.es\/fr\/producto\/lave-vaisselle-fraise\/#primaryimage","url":"https:\/\/bilore.es\/wp-content\/uploads\/2025\/07\/Bilore_0064_B_LAVAVAJILLAS_1L_FRESA.jpg","contentUrl":"https:\/\/bilore.es\/wp-content\/uploads\/2025\/07\/Bilore_0064_B_LAVAVAJILLAS_1L_FRESA.jpg","width":800,"height":782,"caption":"Bilore Lave-vaisselle_1L_Lave-vaisselle"},{"@type":"BreadcrumbList","@id":"https:\/\/bilore.es\/fr\/producto\/lave-vaisselle-fraise\/#breadcrumb","itemListElement":[{"@type":"ListItem","position":1,"name":"Portada","item":"https:\/\/bilore.es\/fr\/"},{"@type":"ListItem","position":2,"name":"Boutique","item":"https:\/\/bilore.es\/fr\/boutique\/"},{"@type":"ListItem","position":3,"name":"Liquide Vaisselle Fraise"}]},{"@type":"WebSite","@id":"https:\/\/bilore.es\/fr\/#website","url":"https:\/\/bilore.es\/fr\/","name":"Bilore","description":"F\u00e1brica de productos de limpieza","potentialAction":[{"@type":"SearchAction","target":{"@type":"EntryPoint","urlTemplate":"https:\/\/bilore.es\/fr\/?s={search_term_string}"},"query-input":{"@type":"PropertyValueSpecification","valueRequired":true,"valueName":"search_term_string"}}],"inLanguage":"fr-FR"}]}},"_links":{"self":[{"href":"https:\/\/bilore.es\/fr\/wp-json\/wp\/v2\/product\/2625","targetHints":{"allow":["GET"]}}],"collection":[{"href":"https:\/\/bilore.es\/fr\/wp-json\/wp\/v2\/product"}],"about":[{"href":"https:\/\/bilore.es\/fr\/wp-json\/wp\/v2\/types\/product"}],"replies":[{"embeddable":true,"href":"https:\/\/bilore.es\/fr\/wp-json\/wp\/v2\/comments?post=2625"}],"version-history":[{"count":8,"href":"https:\/\/bilore.es\/fr\/wp-json\/wp\/v2\/product\/2625\/revisions"}],"predecessor-version":[{"id":3909,"href":"https:\/\/bilore.es\/fr\/wp-json\/wp\/v2\/product\/2625\/revisions\/3909"}],"wp:featuredmedia":[{"embeddable":true,"href":"https:\/\/bilore.es\/fr\/wp-json\/wp\/v2\/media\/2627"}],"wp:attachment":[{"href":"https:\/\/bilore.es\/fr\/wp-json\/wp\/v2\/media?parent=2625"}],"wp:term":[{"taxonomy":"domestico-categoria","embeddable":true,"href":"https:\/\/bilore.es\/fr\/wp-json\/wp\/v2\/domestico-categoria?post=2625"},{"taxonomy":"profesional-categoria","embeddable":true,"href":"https:\/\/bilore.es\/fr\/wp-json\/wp\/v2\/profesional-categoria?post=2625"},{"taxonomy":"product_brand","embeddable":true,"href":"https:\/\/bilore.es\/fr\/wp-json\/wp\/v2\/product_brand?post=2625"},{"taxonomy":"product_cat","embeddable":true,"href":"https:\/\/bilore.es\/fr\/wp-json\/wp\/v2\/product_cat?post=2625"},{"taxonomy":"product_tag","embeddable":true,"href":"https:\/\/bilore.es\/fr\/wp-json\/wp\/v2\/product_tag?post=2625"}],"curies":[{"name":"wp","href":"https:\/\/api.w.org\/{rel}","templated":true}]}}