{"id":1729,"date":"2025-07-07T09:40:16","date_gmt":"2025-07-07T09:40:16","guid":{"rendered":"https:\/\/bilore.es\/avviso-legale\/"},"modified":"2025-10-06T07:53:26","modified_gmt":"2025-10-06T07:53:26","slug":"avviso-legale","status":"publish","type":"page","link":"https:\/\/bilore.es\/it\/avviso-legale\/","title":{"rendered":"Avviso legale"},"content":{"rendered":"\t\t<div data-elementor-type=\"wp-page\" data-elementor-id=\"1729\" class=\"elementor elementor-1729 elementor-548\" data-elementor-post-type=\"page\">\n\t\t\t\t<div class=\"elementor-element elementor-element-7693582 e-flex e-con-boxed e-con e-parent\" data-id=\"7693582\" data-element_type=\"container\" data-e-type=\"container\">\n\t\t\t\t\t<div class=\"e-con-inner\">\n\t\t\t\t<div class=\"elementor-element elementor-element-77495b0 elementor-widget elementor-widget-spacer\" data-id=\"77495b0\" data-element_type=\"widget\" data-e-type=\"widget\" data-widget_type=\"spacer.default\">\n\t\t\t\t\t\t\t<div class=\"elementor-spacer\">\n\t\t\t<div class=\"elementor-spacer-inner\"><\/div>\n\t\t<\/div>\n\t\t\t\t\t\t<\/div>\n\t\t\t\t<div class=\"elementor-element elementor-element-9826bbd elementor-widget elementor-widget-heading\" data-id=\"9826bbd\" data-element_type=\"widget\" data-e-type=\"widget\" data-widget_type=\"heading.default\">\n\t\t\t\t\t<h1 class=\"elementor-heading-title elementor-size-default\">Avviso legale<\/h1>\t\t\t\t<\/div>\n\t\t\t\t<div class=\"elementor-element elementor-element-e9af1a4 elementor-widget elementor-widget-text-editor\" data-id=\"e9af1a4\" data-element_type=\"widget\" data-e-type=\"widget\" data-widget_type=\"text-editor.default\">\n\t\t\t\t\t\t\t\t\t<p>Le presenti condizioni generali regolano l&#8217;utilizzo del sito web bilore.es, di propriet\u00e0 di COLMAR CONNECT, S.L., il cui scopo \u00e8 quello di consentire a terzi estranei all&#8217;azienda di conoscere le sue attivit\u00e0, offrendo agli utenti informazioni, servizi e contenuti attraverso Internet.<\/p><p>I diritti d&#8217;autore, di sfruttamento e morali, e qualsiasi altro diritto di propriet\u00e0 intellettuale o industriale che possa esistere sui contenuti di questo sito web, sulla sua documentazione preparatoria e tecnica, e sui manuali d&#8217;uso, qualunque sia la loro natura, nonch\u00e9 su tutti gli elementi che lo compongono, sono di propriet\u00e0 del proprietario di questo sito web o ha l&#8217;autorizzazione sufficiente per pubblicarli.<\/p><p>Il proprietario autorizza l&#8217;utente a visualizzarli ma non a distribuirli, modificarli, trasferirli o comunicarli in qualsiasi modo e per qualsiasi scopo.<\/p><p>I link ad altri siti web sono forniti esclusivamente per comodit\u00e0 dell&#8217;utente. Il proprietario del sito web non \u00e8 responsabile di eventuali danni che l&#8217;accesso a siti web di terzi tramite link pu\u00f2 causare all&#8217;utente. <\/p><p>I link al sito web richiedono l&#8217;espresso consenso scritto del proprietario del sito web.<\/p><p>Il proprietario del sito web non sar\u00e0 in alcun modo responsabile di eventuali danni causati a terzi a seguito di un uso improprio del sito web o dei suoi contenuti, sia che si tratti di danni indiretti che di danni indiretti.<\/p><p>L&#8217;utente del sito web comprende e accetta espressamente di sottoporre qualsiasi richiesta di risarcimento nei confronti del proprietario del sito web ai tribunali di Manresa. Allo stesso modo, acconsente espressamente che la legislazione competente a regolare questi conflitti sia la legge spagnola. <\/p><p>\u00c8 espressamente vietato all&#8217;utente diffondere contenuti o propaganda di natura razzista, xenofoba, pornografica, terroristica o relativa ai diritti umani, causare danni ai sistemi fisici e logici del proprietario del sito web, dei suoi fornitori o di terzi, introdurre o diffondere virus informatici o qualsiasi altro sistema fisico o logico che possa causare i suddetti danni, tentare di accedere al sistema informatico del proprietario del sito web e, se del caso, utilizzare gli account di posta elettronica di altri utenti e modificare o manipolare i loro messaggi.<\/p><p>Il proprietario del sito si riserva il diritto di non rispondere a qualsiasi messaggio ritenuto illegale e\/o offensivo e di intraprendere qualsiasi azione legale ritenga opportuna nei confronti di coloro che utilizzano il sito in modo inappropriato.<\/p>\t\t\t\t\t\t\t\t<\/div>\n\t\t\t\t<div class=\"elementor-element elementor-element-6652bd7 elementor-widget elementor-widget-spacer\" data-id=\"6652bd7\" data-element_type=\"widget\" data-e-type=\"widget\" data-widget_type=\"spacer.default\">\n\t\t\t\t\t\t\t<div class=\"elementor-spacer\">\n\t\t\t<div class=\"elementor-spacer-inner\"><\/div>\n\t\t<\/div>\n\t\t\t\t\t\t<\/div>\n\t\t\t\t\t<\/div>\n\t\t\t\t<\/div>\n\t\t\t\t<\/div>\n\t\t","protected":false},"excerpt":{"rendered":"<p>Avviso legale Le presenti condizioni generali regolano l&#8217;utilizzo del sito web bilore.es, di propriet\u00e0 di COLMAR CONNECT, S.L., il cui scopo \u00e8 quello di consentire a terzi estranei all&#8217;azienda di conoscere le sue attivit\u00e0, offrendo agli utenti informazioni, servizi e contenuti attraverso Internet. I diritti d&#8217;autore, di sfruttamento e morali, e qualsiasi altro diritto di [&hellip;]<\/p>\n","protected":false},"author":2,"featured_media":0,"parent":0,"menu_order":0,"comment_status":"closed","ping_status":"closed","template":"","meta":{"_acf_changed":false,"footnotes":""},"folder":[],"class_list":["post-1729","page","type-page","status-publish","hentry"],"acf":[],"yoast_head":"<!-- This site is optimized with the Yoast SEO plugin v27.4 - https:\/\/yoast.com\/product\/yoast-seo-wordpress\/ -->\n<title>Avviso legale - Bilore<\/title>\n<meta name=\"robots\" content=\"index, nofollow, max-snippet:-1, max-image-preview:large, max-video-preview:-1\" \/>\n<link rel=\"canonical\" href=\"https:\/\/bilore.es\/it\/avviso-legale\/\" \/>\n<meta property=\"og:locale\" content=\"it_IT\" \/>\n<meta property=\"og:type\" content=\"article\" \/>\n<meta property=\"og:title\" content=\"Avviso legale - Bilore\" \/>\n<meta property=\"og:description\" content=\"Avviso legale Le presenti condizioni generali regolano l&#8217;utilizzo del sito web bilore.es, di propriet\u00e0 di COLMAR CONNECT, S.L., il cui scopo \u00e8 quello di consentire a terzi estranei all&#8217;azienda di conoscere le sue attivit\u00e0, offrendo agli utenti informazioni, servizi e contenuti attraverso Internet. I diritti d&#8217;autore, di sfruttamento e morali, e qualsiasi altro diritto di [&hellip;]\" \/>\n<meta property=\"og:url\" content=\"https:\/\/bilore.es\/it\/avviso-legale\/\" \/>\n<meta property=\"og:site_name\" content=\"Bilore\" \/>\n<meta property=\"article:modified_time\" content=\"2025-10-06T07:53:26+00:00\" \/>\n<meta name=\"twitter:card\" content=\"summary_large_image\" \/>\n<meta name=\"twitter:label1\" content=\"Tempo di lettura stimato\" \/>\n\t<meta name=\"twitter:data1\" content=\"2 minuti\" \/>\n<script type=\"application\/ld+json\" class=\"yoast-schema-graph\">{\"@context\":\"https:\\\/\\\/schema.org\",\"@graph\":[{\"@type\":\"WebPage\",\"@id\":\"https:\\\/\\\/bilore.es\\\/it\\\/avviso-legale\\\/\",\"url\":\"https:\\\/\\\/bilore.es\\\/it\\\/avviso-legale\\\/\",\"name\":\"Avviso legale - Bilore\",\"isPartOf\":{\"@id\":\"https:\\\/\\\/bilore.es\\\/it\\\/#website\"},\"datePublished\":\"2025-07-07T09:40:16+00:00\",\"dateModified\":\"2025-10-06T07:53:26+00:00\",\"breadcrumb\":{\"@id\":\"https:\\\/\\\/bilore.es\\\/it\\\/avviso-legale\\\/#breadcrumb\"},\"inLanguage\":\"it-IT\",\"potentialAction\":[{\"@type\":\"ReadAction\",\"target\":[\"https:\\\/\\\/bilore.es\\\/it\\\/avviso-legale\\\/\"]}]},{\"@type\":\"BreadcrumbList\",\"@id\":\"https:\\\/\\\/bilore.es\\\/it\\\/avviso-legale\\\/#breadcrumb\",\"itemListElement\":[{\"@type\":\"ListItem\",\"position\":1,\"name\":\"Portada\",\"item\":\"https:\\\/\\\/bilore.es\\\/it\\\/\"},{\"@type\":\"ListItem\",\"position\":2,\"name\":\"Avviso legale\"}]},{\"@type\":\"WebSite\",\"@id\":\"https:\\\/\\\/bilore.es\\\/it\\\/#website\",\"url\":\"https:\\\/\\\/bilore.es\\\/it\\\/\",\"name\":\"Bilore\",\"description\":\"F\u00e1brica de productos de limpieza\",\"potentialAction\":[{\"@type\":\"SearchAction\",\"target\":{\"@type\":\"EntryPoint\",\"urlTemplate\":\"https:\\\/\\\/bilore.es\\\/it\\\/?s={search_term_string}\"},\"query-input\":{\"@type\":\"PropertyValueSpecification\",\"valueRequired\":true,\"valueName\":\"search_term_string\"}}],\"inLanguage\":\"it-IT\"}]}<\/script>\n<!-- \/ Yoast SEO plugin. -->","yoast_head_json":{"title":"Avviso legale - Bilore","robots":{"index":"index","follow":"nofollow","max-snippet":"max-snippet:-1","max-image-preview":"max-image-preview:large","max-video-preview":"max-video-preview:-1"},"canonical":"https:\/\/bilore.es\/it\/avviso-legale\/","og_locale":"it_IT","og_type":"article","og_title":"Avviso legale - Bilore","og_description":"Avviso legale Le presenti condizioni generali regolano l&#8217;utilizzo del sito web bilore.es, di propriet\u00e0 di COLMAR CONNECT, S.L., il cui scopo \u00e8 quello di consentire a terzi estranei all&#8217;azienda di conoscere le sue attivit\u00e0, offrendo agli utenti informazioni, servizi e contenuti attraverso Internet. I diritti d&#8217;autore, di sfruttamento e morali, e qualsiasi altro diritto di [&hellip;]","og_url":"https:\/\/bilore.es\/it\/avviso-legale\/","og_site_name":"Bilore","article_modified_time":"2025-10-06T07:53:26+00:00","twitter_card":"summary_large_image","twitter_misc":{"Tempo di lettura stimato":"2 minuti"},"schema":{"@context":"https:\/\/schema.org","@graph":[{"@type":"WebPage","@id":"https:\/\/bilore.es\/it\/avviso-legale\/","url":"https:\/\/bilore.es\/it\/avviso-legale\/","name":"Avviso legale - Bilore","isPartOf":{"@id":"https:\/\/bilore.es\/it\/#website"},"datePublished":"2025-07-07T09:40:16+00:00","dateModified":"2025-10-06T07:53:26+00:00","breadcrumb":{"@id":"https:\/\/bilore.es\/it\/avviso-legale\/#breadcrumb"},"inLanguage":"it-IT","potentialAction":[{"@type":"ReadAction","target":["https:\/\/bilore.es\/it\/avviso-legale\/"]}]},{"@type":"BreadcrumbList","@id":"https:\/\/bilore.es\/it\/avviso-legale\/#breadcrumb","itemListElement":[{"@type":"ListItem","position":1,"name":"Portada","item":"https:\/\/bilore.es\/it\/"},{"@type":"ListItem","position":2,"name":"Avviso legale"}]},{"@type":"WebSite","@id":"https:\/\/bilore.es\/it\/#website","url":"https:\/\/bilore.es\/it\/","name":"Bilore","description":"F\u00e1brica de productos de limpieza","potentialAction":[{"@type":"SearchAction","target":{"@type":"EntryPoint","urlTemplate":"https:\/\/bilore.es\/it\/?s={search_term_string}"},"query-input":{"@type":"PropertyValueSpecification","valueRequired":true,"valueName":"search_term_string"}}],"inLanguage":"it-IT"}]}},"_links":{"self":[{"href":"https:\/\/bilore.es\/it\/wp-json\/wp\/v2\/pages\/1729","targetHints":{"allow":["GET"]}}],"collection":[{"href":"https:\/\/bilore.es\/it\/wp-json\/wp\/v2\/pages"}],"about":[{"href":"https:\/\/bilore.es\/it\/wp-json\/wp\/v2\/types\/page"}],"author":[{"embeddable":true,"href":"https:\/\/bilore.es\/it\/wp-json\/wp\/v2\/users\/2"}],"replies":[{"embeddable":true,"href":"https:\/\/bilore.es\/it\/wp-json\/wp\/v2\/comments?post=1729"}],"version-history":[{"count":2,"href":"https:\/\/bilore.es\/it\/wp-json\/wp\/v2\/pages\/1729\/revisions"}],"predecessor-version":[{"id":1733,"href":"https:\/\/bilore.es\/it\/wp-json\/wp\/v2\/pages\/1729\/revisions\/1733"}],"wp:attachment":[{"href":"https:\/\/bilore.es\/it\/wp-json\/wp\/v2\/media?parent=1729"}],"wp:term":[{"taxonomy":"folder","embeddable":true,"href":"https:\/\/bilore.es\/it\/wp-json\/wp\/v2\/folder?post=1729"}],"curies":[{"name":"wp","href":"https:\/\/api.w.org\/{rel}","templated":true}]}}