{"id":1822,"date":"2025-07-01T09:45:18","date_gmt":"2025-07-01T09:45:18","guid":{"rendered":"https:\/\/bilore.es\/informativa-sulla-privacy\/"},"modified":"2025-10-06T07:53:22","modified_gmt":"2025-10-06T07:53:22","slug":"informativa-sulla-privacy","status":"publish","type":"page","link":"https:\/\/bilore.es\/it\/informativa-sulla-privacy\/","title":{"rendered":"Informativa sulla privacy"},"content":{"rendered":"\t\t<div data-elementor-type=\"wp-page\" data-elementor-id=\"1822\" class=\"elementor elementor-1822 elementor-3\" data-elementor-post-type=\"page\">\n\t\t\t\t<div class=\"elementor-element elementor-element-89ee536 e-flex e-con-boxed e-con e-parent\" data-id=\"89ee536\" data-element_type=\"container\" data-e-type=\"container\">\n\t\t\t\t\t<div class=\"e-con-inner\">\n\t\t\t\t<div class=\"elementor-element elementor-element-7040865 elementor-widget elementor-widget-spacer\" data-id=\"7040865\" data-element_type=\"widget\" data-e-type=\"widget\" data-widget_type=\"spacer.default\">\n\t\t\t\t\t\t\t<div class=\"elementor-spacer\">\n\t\t\t<div class=\"elementor-spacer-inner\"><\/div>\n\t\t<\/div>\n\t\t\t\t\t\t<\/div>\n\t\t\t\t<div class=\"elementor-element elementor-element-627fa73 elementor-widget elementor-widget-heading\" data-id=\"627fa73\" data-element_type=\"widget\" data-e-type=\"widget\" data-widget_type=\"heading.default\">\n\t\t\t\t\t<h1 class=\"elementor-heading-title elementor-size-default\">Informativa sulla privacy<\/h1>\t\t\t\t<\/div>\n\t\t\t\t<div class=\"elementor-element elementor-element-e042e3e elementor-widget elementor-widget-text-editor\" data-id=\"e042e3e\" data-element_type=\"widget\" data-e-type=\"widget\" data-widget_type=\"text-editor.default\">\n\t\t\t\t\t\t\t\t\t<div class=\"grve-container\">\n<div class=\"grve-row grve-bookmark grve-columns-gap-30\">\n<div class=\"grve-column wpb_column grve-column-1\">\n<div class=\"grve-column-wrapper\">\n<div class=\"grve-element grve-text\">\n<p>La presente informativa sulla privacy disciplina la raccolta e l&#8217;elaborazione dei dati personali che l&#8217;utente fornisce quando accede e naviga sul nostro sito web.<\/p>\n<p>Questi dati si riducono alla tua identit\u00e0 e al tuo indirizzo e-mail, che verranno aggiunti al database di <strong>COLMAR CONNECT, S.L.<\/strong> quando accedi al sito web bilore.es o quando ci invii un&#8217;e-mail <strong>.<\/strong> <\/p>\n<p>Questi dati saranno trattati per rispondere alle tue richieste, per consentire il mantenimento della sessione utente, per identificarti, per collegarti ad altre applicazioni, per conoscere le tue abitudini di navigazione, per migliorare la tua esperienza di navigazione sul sito web e per inviarti informazioni sui servizi dell&#8217;azienda.<\/p>\n<p>Questo sito web dispone della tecnologia per impostare e memorizzare i cookie, che vengono illustrati di seguito.<\/p>\n<p>Accettando la presente informativa sulla privacy, acconsenti espressamente all&#8217;invio della nostra pubblicit\u00e0 per informarti sui nostri prodotti e servizi.<\/p>\n<p>I tuoi dati personali non saranno divulgati o trasmessi a terzi, ma i dati non personali potranno essere trasmessi a terzi e commercializzati dall&#8217;azienda.<\/p>\n<p>Puoi esercitare i tuoi diritti di accesso, rettifica, cancellazione, opposizione, limitazione del trattamento e portabilit\u00e0 dei tuoi dati personali presso il Titolare del trattamento, che \u00e8 COLMAR CONNECT, S.L., con NIF B-66359654, con indirizzo in Cam\u00ed de la Caseta d&#8217;Encamp, 08650 Cabrianes, Sallent (Barcellona) e <a href=\"https:\/\/bilore.es\/it\/contatto\/\">via e-mail<\/a> fornendo una fotocopia di un documento che ti identifichi per posta ordinaria, inviando una lettera per posta ordinaria o via e-mail, all&#8217;attenzione del Titolare del trattamento, a uno qualsiasi degli indirizzi sopra indicati. Se ritieni che i tuoi diritti non siano stati rispettati, puoi esercitare il diritto di presentare un reclamo all&#8217;Agenzia spagnola per la protezione dei dati (www.agpd.es). <\/p>\n<\/div>\n<\/div>\n<\/div>\n<\/div>\n<\/div>\t\t\t\t\t\t\t\t<\/div>\n\t\t\t\t<div class=\"elementor-element elementor-element-5e25a1b elementor-widget elementor-widget-spacer\" data-id=\"5e25a1b\" data-element_type=\"widget\" data-e-type=\"widget\" data-widget_type=\"spacer.default\">\n\t\t\t\t\t\t\t<div class=\"elementor-spacer\">\n\t\t\t<div class=\"elementor-spacer-inner\"><\/div>\n\t\t<\/div>\n\t\t\t\t\t\t<\/div>\n\t\t\t\t\t<\/div>\n\t\t\t\t<\/div>\n\t\t\t\t<\/div>\n\t\t","protected":false},"excerpt":{"rendered":"<p>Informativa sulla privacy La presente informativa sulla privacy disciplina la raccolta e l&#8217;elaborazione dei dati personali che l&#8217;utente fornisce quando accede e naviga sul nostro sito web. Questi dati si riducono alla tua identit\u00e0 e al tuo indirizzo e-mail, che verranno aggiunti al database di COLMAR CONNECT, S.L. quando accedi al sito web bilore.es o [&hellip;]<\/p>\n","protected":false},"author":1,"featured_media":0,"parent":0,"menu_order":0,"comment_status":"closed","ping_status":"closed","template":"","meta":{"_acf_changed":false,"footnotes":""},"folder":[],"class_list":["post-1822","page","type-page","status-publish","hentry"],"acf":[],"yoast_head":"<!-- This site is optimized with the Yoast SEO plugin v27.4 - https:\/\/yoast.com\/product\/yoast-seo-wordpress\/ -->\n<title>Informativa sulla privacy - Bilore<\/title>\n<meta name=\"robots\" content=\"noindex, nofollow\" \/>\n<meta property=\"og:locale\" content=\"it_IT\" \/>\n<meta property=\"og:type\" content=\"article\" \/>\n<meta property=\"og:title\" content=\"Informativa sulla privacy - Bilore\" \/>\n<meta property=\"og:description\" content=\"Informativa sulla privacy La presente informativa sulla privacy disciplina la raccolta e l&#8217;elaborazione dei dati personali che l&#8217;utente fornisce quando accede e naviga sul nostro sito web. Questi dati si riducono alla tua identit\u00e0 e al tuo indirizzo e-mail, che verranno aggiunti al database di COLMAR CONNECT, S.L. quando accedi al sito web bilore.es o [&hellip;]\" \/>\n<meta property=\"og:url\" content=\"https:\/\/bilore.es\/it\/informativa-sulla-privacy\/\" \/>\n<meta property=\"og:site_name\" content=\"Bilore\" \/>\n<meta property=\"article:modified_time\" content=\"2025-10-06T07:53:22+00:00\" \/>\n<meta name=\"twitter:card\" content=\"summary_large_image\" \/>\n<meta name=\"twitter:label1\" content=\"Tempo di lettura stimato\" \/>\n\t<meta name=\"twitter:data1\" content=\"1 minuto\" \/>\n<script type=\"application\/ld+json\" class=\"yoast-schema-graph\">{\"@context\":\"https:\\\/\\\/schema.org\",\"@graph\":[{\"@type\":\"WebPage\",\"@id\":\"https:\\\/\\\/bilore.es\\\/it\\\/informativa-sulla-privacy\\\/\",\"url\":\"https:\\\/\\\/bilore.es\\\/it\\\/informativa-sulla-privacy\\\/\",\"name\":\"Informativa sulla privacy - Bilore\",\"isPartOf\":{\"@id\":\"https:\\\/\\\/bilore.es\\\/it\\\/#website\"},\"datePublished\":\"2025-07-01T09:45:18+00:00\",\"dateModified\":\"2025-10-06T07:53:22+00:00\",\"breadcrumb\":{\"@id\":\"https:\\\/\\\/bilore.es\\\/it\\\/informativa-sulla-privacy\\\/#breadcrumb\"},\"inLanguage\":\"it-IT\",\"potentialAction\":[{\"@type\":\"ReadAction\",\"target\":[\"https:\\\/\\\/bilore.es\\\/it\\\/informativa-sulla-privacy\\\/\"]}]},{\"@type\":\"BreadcrumbList\",\"@id\":\"https:\\\/\\\/bilore.es\\\/it\\\/informativa-sulla-privacy\\\/#breadcrumb\",\"itemListElement\":[{\"@type\":\"ListItem\",\"position\":1,\"name\":\"Portada\",\"item\":\"https:\\\/\\\/bilore.es\\\/it\\\/\"},{\"@type\":\"ListItem\",\"position\":2,\"name\":\"Informativa sulla privacy\"}]},{\"@type\":\"WebSite\",\"@id\":\"https:\\\/\\\/bilore.es\\\/it\\\/#website\",\"url\":\"https:\\\/\\\/bilore.es\\\/it\\\/\",\"name\":\"Bilore\",\"description\":\"F\u00e1brica de productos de limpieza\",\"potentialAction\":[{\"@type\":\"SearchAction\",\"target\":{\"@type\":\"EntryPoint\",\"urlTemplate\":\"https:\\\/\\\/bilore.es\\\/it\\\/?s={search_term_string}\"},\"query-input\":{\"@type\":\"PropertyValueSpecification\",\"valueRequired\":true,\"valueName\":\"search_term_string\"}}],\"inLanguage\":\"it-IT\"}]}<\/script>\n<!-- \/ Yoast SEO plugin. -->","yoast_head_json":{"title":"Informativa sulla privacy - Bilore","robots":{"index":"noindex","follow":"nofollow"},"og_locale":"it_IT","og_type":"article","og_title":"Informativa sulla privacy - Bilore","og_description":"Informativa sulla privacy La presente informativa sulla privacy disciplina la raccolta e l&#8217;elaborazione dei dati personali che l&#8217;utente fornisce quando accede e naviga sul nostro sito web. Questi dati si riducono alla tua identit\u00e0 e al tuo indirizzo e-mail, che verranno aggiunti al database di COLMAR CONNECT, S.L. quando accedi al sito web bilore.es o [&hellip;]","og_url":"https:\/\/bilore.es\/it\/informativa-sulla-privacy\/","og_site_name":"Bilore","article_modified_time":"2025-10-06T07:53:22+00:00","twitter_card":"summary_large_image","twitter_misc":{"Tempo di lettura stimato":"1 minuto"},"schema":{"@context":"https:\/\/schema.org","@graph":[{"@type":"WebPage","@id":"https:\/\/bilore.es\/it\/informativa-sulla-privacy\/","url":"https:\/\/bilore.es\/it\/informativa-sulla-privacy\/","name":"Informativa sulla privacy - Bilore","isPartOf":{"@id":"https:\/\/bilore.es\/it\/#website"},"datePublished":"2025-07-01T09:45:18+00:00","dateModified":"2025-10-06T07:53:22+00:00","breadcrumb":{"@id":"https:\/\/bilore.es\/it\/informativa-sulla-privacy\/#breadcrumb"},"inLanguage":"it-IT","potentialAction":[{"@type":"ReadAction","target":["https:\/\/bilore.es\/it\/informativa-sulla-privacy\/"]}]},{"@type":"BreadcrumbList","@id":"https:\/\/bilore.es\/it\/informativa-sulla-privacy\/#breadcrumb","itemListElement":[{"@type":"ListItem","position":1,"name":"Portada","item":"https:\/\/bilore.es\/it\/"},{"@type":"ListItem","position":2,"name":"Informativa sulla privacy"}]},{"@type":"WebSite","@id":"https:\/\/bilore.es\/it\/#website","url":"https:\/\/bilore.es\/it\/","name":"Bilore","description":"F\u00e1brica de productos de limpieza","potentialAction":[{"@type":"SearchAction","target":{"@type":"EntryPoint","urlTemplate":"https:\/\/bilore.es\/it\/?s={search_term_string}"},"query-input":{"@type":"PropertyValueSpecification","valueRequired":true,"valueName":"search_term_string"}}],"inLanguage":"it-IT"}]}},"_links":{"self":[{"href":"https:\/\/bilore.es\/it\/wp-json\/wp\/v2\/pages\/1822","targetHints":{"allow":["GET"]}}],"collection":[{"href":"https:\/\/bilore.es\/it\/wp-json\/wp\/v2\/pages"}],"about":[{"href":"https:\/\/bilore.es\/it\/wp-json\/wp\/v2\/types\/page"}],"author":[{"embeddable":true,"href":"https:\/\/bilore.es\/it\/wp-json\/wp\/v2\/users\/1"}],"replies":[{"embeddable":true,"href":"https:\/\/bilore.es\/it\/wp-json\/wp\/v2\/comments?post=1822"}],"version-history":[{"count":3,"href":"https:\/\/bilore.es\/it\/wp-json\/wp\/v2\/pages\/1822\/revisions"}],"predecessor-version":[{"id":3588,"href":"https:\/\/bilore.es\/it\/wp-json\/wp\/v2\/pages\/1822\/revisions\/3588"}],"wp:attachment":[{"href":"https:\/\/bilore.es\/it\/wp-json\/wp\/v2\/media?parent=1822"}],"wp:term":[{"taxonomy":"folder","embeddable":true,"href":"https:\/\/bilore.es\/it\/wp-json\/wp\/v2\/folder?post=1822"}],"curies":[{"name":"wp","href":"https:\/\/api.w.org\/{rel}","templated":true}]}}